{"id":162,"date":"2018-10-05T17:23:05","date_gmt":"2018-10-05T20:23:05","guid":{"rendered":"https:\/\/patrimonioyambiente.faud.unsj.edu.ar\/?page_id=162"},"modified":"2026-03-19T00:26:20","modified_gmt":"2026-03-19T03:26:20","slug":"trabajos-practicos","status":"publish","type":"page","link":"https:\/\/patrimonioyambiente.faud.unsj.edu.ar\/?page_id=162","title":{"rendered":"Trabajo Pr\u00e1ctico"},"content":{"rendered":"<p><img fetchpriority=\"high\" decoding=\"async\" class=\" wp-image-1320 aligncenter\" src=\"https:\/\/patrimonioyambiente.faud.unsj.edu.ar\/wp-content\/uploads\/2025\/02\/VISTA-AEREA-CIUDAD-DE-SAN-JUAN-2020-300x297.jpeg\" alt=\"\" width=\"411\" height=\"406\" srcset=\"https:\/\/patrimonioyambiente.faud.unsj.edu.ar\/wp-content\/uploads\/2025\/02\/VISTA-AEREA-CIUDAD-DE-SAN-JUAN-2020-300x297.jpeg 300w, https:\/\/patrimonioyambiente.faud.unsj.edu.ar\/wp-content\/uploads\/2025\/02\/VISTA-AEREA-CIUDAD-DE-SAN-JUAN-2020-1024x1015.jpeg 1024w, https:\/\/patrimonioyambiente.faud.unsj.edu.ar\/wp-content\/uploads\/2025\/02\/VISTA-AEREA-CIUDAD-DE-SAN-JUAN-2020-768x761.jpeg 768w, https:\/\/patrimonioyambiente.faud.unsj.edu.ar\/wp-content\/uploads\/2025\/02\/VISTA-AEREA-CIUDAD-DE-SAN-JUAN-2020-1x1.jpeg 1w, https:\/\/patrimonioyambiente.faud.unsj.edu.ar\/wp-content\/uploads\/2025\/02\/VISTA-AEREA-CIUDAD-DE-SAN-JUAN-2020.jpeg 1080w\" sizes=\"(max-width: 411px) 100vw, 411px\" \/><\/p>\n<p>&nbsp;<\/p>\n<h3><span style=\"color: #ff6600;\"><strong>Propuesta de recuperaci\u00f3n de bien patrimonial como recurso para disminuir el impacto ambiental.<\/strong><\/span><\/h3>\n<p>Este TP. se presenta como una oportunidad para que los estudiantes se enfrenten a un desaf\u00edo real y significativo, siendo tambi\u00e9n una ocasi\u00f3n para convertirse en agentes de cambio que contribuyen a una arquitectura, dise\u00f1o industrial y gr\u00e1fico que sea m\u00e1s conscientes y respetuosos con el medio ambiente y el patrimonio cultural.<\/p>\n<p>&nbsp;<\/p>\n<p>&nbsp;<\/p>\n<p><img decoding=\"async\" class=\"aligncenter wp-image-1317 size-medium\" src=\"https:\/\/patrimonioyambiente.faud.unsj.edu.ar\/wp-content\/uploads\/2025\/02\/DESCARGAR-TRABAJO-PRACTICO-300x67.png\" alt=\"\" width=\"300\" height=\"67\" srcset=\"https:\/\/patrimonioyambiente.faud.unsj.edu.ar\/wp-content\/uploads\/2025\/02\/DESCARGAR-TRABAJO-PRACTICO-300x67.png 300w, https:\/\/patrimonioyambiente.faud.unsj.edu.ar\/wp-content\/uploads\/2025\/02\/DESCARGAR-TRABAJO-PRACTICO-1024x230.png 1024w, https:\/\/patrimonioyambiente.faud.unsj.edu.ar\/wp-content\/uploads\/2025\/02\/DESCARGAR-TRABAJO-PRACTICO-768x173.png 768w, https:\/\/patrimonioyambiente.faud.unsj.edu.ar\/wp-content\/uploads\/2025\/02\/DESCARGAR-TRABAJO-PRACTICO-1x1.png 1w, https:\/\/patrimonioyambiente.faud.unsj.edu.ar\/wp-content\/uploads\/2025\/02\/DESCARGAR-TRABAJO-PRACTICO.png 1254w\" sizes=\"(max-width: 300px) 100vw, 300px\" \/><\/p>\n<p>&nbsp;<\/p>\n<p>&nbsp;<\/p>\n<p>&nbsp;<\/p>\n<p>&nbsp;<\/p>\n<p>&nbsp;<\/p>\n","protected":false},"excerpt":{"rendered":"<p>&nbsp; Propuesta de recuperaci\u00f3n de bien patrimonial como recurso para disminuir el impacto ambiental. Este TP. se presenta como una oportunidad para que los estudiantes se enfrenten a un desaf\u00edo real y significativo, siendo tambi\u00e9n una ocasi\u00f3n para convertirse en agentes de cambio que contribuyen a una arquitectura, dise\u00f1o industrial y gr\u00e1fico que sea m\u00e1s [&hellip;]<\/p>\n","protected":false},"author":3,"featured_media":0,"parent":0,"menu_order":0,"comment_status":"closed","ping_status":"closed","template":"","meta":{"_mc_calendar":[],"footnotes":""},"class_list":["post-162","page","type-page","status-publish","hentry"],"_links":{"self":[{"href":"https:\/\/patrimonioyambiente.faud.unsj.edu.ar\/index.php?rest_route=\/wp\/v2\/pages\/162","targetHints":{"allow":["GET"]}}],"collection":[{"href":"https:\/\/patrimonioyambiente.faud.unsj.edu.ar\/index.php?rest_route=\/wp\/v2\/pages"}],"about":[{"href":"https:\/\/patrimonioyambiente.faud.unsj.edu.ar\/index.php?rest_route=\/wp\/v2\/types\/page"}],"author":[{"embeddable":true,"href":"https:\/\/patrimonioyambiente.faud.unsj.edu.ar\/index.php?rest_route=\/wp\/v2\/users\/3"}],"replies":[{"embeddable":true,"href":"https:\/\/patrimonioyambiente.faud.unsj.edu.ar\/index.php?rest_route=%2Fwp%2Fv2%2Fcomments&post=162"}],"version-history":[{"count":52,"href":"https:\/\/patrimonioyambiente.faud.unsj.edu.ar\/index.php?rest_route=\/wp\/v2\/pages\/162\/revisions"}],"predecessor-version":[{"id":1446,"href":"https:\/\/patrimonioyambiente.faud.unsj.edu.ar\/index.php?rest_route=\/wp\/v2\/pages\/162\/revisions\/1446"}],"wp:attachment":[{"href":"https:\/\/patrimonioyambiente.faud.unsj.edu.ar\/index.php?rest_route=%2Fwp%2Fv2%2Fmedia&parent=162"}],"curies":[{"name":"wp","href":"https:\/\/api.w.org\/{rel}","templated":true}]}}