{"id":2,"date":"2018-08-31T15:30:28","date_gmt":"2018-08-31T18:30:28","guid":{"rendered":"https:\/\/patrimonioyambiente.faud.unsj.edu.ar\/?page_id=2"},"modified":"2026-03-23T19:12:16","modified_gmt":"2026-03-23T22:12:16","slug":"quienes-somos","status":"publish","type":"page","link":"https:\/\/patrimonioyambiente.faud.unsj.edu.ar\/?page_id=2","title":{"rendered":"Equipo de C\u00e1tedra"},"content":{"rendered":"<p>Somos un equipo interdisciplinario, motivados por la valoraci\u00f3n y conservaci\u00f3n del patrimonio cultural y ambiental. Observamos y entendemos el compromiso del dise\u00f1ador frente a los desaf\u00edos proyectuales que esto conlleva. Cada uno, desde su campo profesional se propone acompa\u00f1ar al estudiante, ya sea de Arquitectura, Dise\u00f1o Industrial o Dise\u00f1o Gr\u00e1fico en la tarea de construir conocimiento de una manera transversal y reflexiva, conectada con la tem\u00e1tica de nuestra c\u00e1tedra. Nuestro objetivo es generar conciencia sobre la importancia de la conservaci\u00f3n del patrimonio y su relaci\u00f3n con el medio ambiente, promoviendo una producci\u00f3n de dise\u00f1o que sea respetuosa y sostenible.<\/p>\n<p><img decoding=\"async\" class=\"alignnone wp-image-1306\" src=\"https:\/\/patrimonioyambiente.faud.unsj.edu.ar\/wp-content\/uploads\/2025\/02\/RICARDO-I-300x300.png\" alt=\"\" width=\"182\" height=\"182\" srcset=\"https:\/\/patrimonioyambiente.faud.unsj.edu.ar\/wp-content\/uploads\/2025\/02\/RICARDO-I-300x300.png 300w, https:\/\/patrimonioyambiente.faud.unsj.edu.ar\/wp-content\/uploads\/2025\/02\/RICARDO-I-1024x1024.png 1024w, https:\/\/patrimonioyambiente.faud.unsj.edu.ar\/wp-content\/uploads\/2025\/02\/RICARDO-I-150x150.png 150w, https:\/\/patrimonioyambiente.faud.unsj.edu.ar\/wp-content\/uploads\/2025\/02\/RICARDO-I-768x768.png 768w, https:\/\/patrimonioyambiente.faud.unsj.edu.ar\/wp-content\/uploads\/2025\/02\/RICARDO-I-1x1.png 1w, https:\/\/patrimonioyambiente.faud.unsj.edu.ar\/wp-content\/uploads\/2025\/02\/RICARDO-I.png 1080w\" sizes=\"(max-width: 182px) 100vw, 182px\" \/><\/p>\n<h4><strong>Arq. Ricardo F. G\u00f3mez: Docente, Investigador y Extensionista de la FAUD &#8211; UNSJ<\/strong><\/h4>\n<h5>Desde 2017, el Arq. Ricardo F. G\u00f3mez ha sido docente en la Facultad de Arquitectura, Urbanismo y Dise\u00f1o (FAUD). Como responsable de la c\u00e1tedra electiva Ecolog\u00eda Proyectual, aportando a la formaci\u00f3n de estudiantes de las tres carreras de la FAUD con su enfoque pr\u00e1ctico y multidisciplinario, integrando la ecolog\u00eda con el dise\u00f1o arquitect\u00f3nico, industrial y gr\u00e1fico. Actualmente, es Profesor Adjunto.<\/h5>\n<h5>Su carrera comenz\u00f3 como Ayudante Alumno en investigaciones sobre vivienda rural y materiales apropiados. Tras graduarse, asumi\u00f3 el cargo de Jefe de Trabajos Pr\u00e1cticos (JTP) y particip\u00f3 en numerosos proyectos sobre patrimonio arquitect\u00f3nico, \u00e1rea en la que sigue investigando y en la que basa su experticia en el tema patrimonial de dise\u00f1o investigativa capacit\u00e1ndolo para realizar estudios detallados sobre el patrimonio cultural, incluyendo su historia, valor arquitect\u00f3nico, y relaci\u00f3n con el entorno. Esto puede abarcar desde la documentaci\u00f3n de edificios hist\u00f3ricos hasta el an\u00e1lisis de t\u00e9cnicas de construcci\u00f3n tradicionales.<\/h5>\n<h5>Adem\u00e1s de su labor docente, ha combinado producci\u00f3n de conocimiento, formaci\u00f3n de recursos humanos y divulgaci\u00f3n cient\u00edfica. Su cargo actual refleja su compromiso con la investigaci\u00f3n. Ha sido codirector y director de proyectos subsidiados por la UNSJ, actualmente codirige los siguientes:<\/h5>\n<h5>*<strong>Modelo de normativa para la declaratoria de un bien patrimonial en el marco de los ODS \u2013 caso modelo escuelas centenarias del municipio de Rivadavia.<\/strong><\/h5>\n<h5>*Puesta en valor del patrimonio escolar municipal \u2013 Escuela Provincia de Tucum\u00e1n.<\/h5>\n<h5>Estos proyectos destacan por su enfoque en la preservaci\u00f3n y valorizaci\u00f3n del patrimonio, as\u00ed como por su relaci\u00f3n con el ambiente, aspectos fundamentales en la formaci\u00f3n de futuros profesionales del dise\u00f1o y la arquitectura. Su experiencia resalta la importancia de integrar teor\u00eda y pr\u00e1ctica, promoviendo un dise\u00f1o responsable, sostenible y orientado al desarrollo local. Por su trayectoria y participaci\u00f3n en este tipo de trabajos investigativos, ha adquirido un profundo conocimiento del patrimonio cultural y de las normativas internacionales, nacionales, provinciales y municipales que rigen su preservaci\u00f3n y conservaci\u00f3n.<\/h5>\n<p>&nbsp;<\/p>\n<p><img decoding=\"async\" class=\"alignnone wp-image-1327\" src=\"https:\/\/patrimonioyambiente.faud.unsj.edu.ar\/wp-content\/uploads\/2025\/02\/DIEGO-II-300x300.jpeg\" alt=\"\" width=\"170\" height=\"170\" srcset=\"https:\/\/patrimonioyambiente.faud.unsj.edu.ar\/wp-content\/uploads\/2025\/02\/DIEGO-II-300x300.jpeg 300w, https:\/\/patrimonioyambiente.faud.unsj.edu.ar\/wp-content\/uploads\/2025\/02\/DIEGO-II-1024x1024.jpeg 1024w, https:\/\/patrimonioyambiente.faud.unsj.edu.ar\/wp-content\/uploads\/2025\/02\/DIEGO-II-150x150.jpeg 150w, https:\/\/patrimonioyambiente.faud.unsj.edu.ar\/wp-content\/uploads\/2025\/02\/DIEGO-II-768x768.jpeg 768w, https:\/\/patrimonioyambiente.faud.unsj.edu.ar\/wp-content\/uploads\/2025\/02\/DIEGO-II-1x1.jpeg 1w, https:\/\/patrimonioyambiente.faud.unsj.edu.ar\/wp-content\/uploads\/2025\/02\/DIEGO-II.jpeg 1080w\" sizes=\"(max-width: 170px) 100vw, 170px\" \/><\/p>\n<h4><strong>Abog. Diego A. Cas\u00fa: Docente, Investigador de la FAUD &#8211; UNSJ<\/strong><\/h4>\n<h5>Abogado, docente e investigador con una trayectoria s\u00f3lida y acreditada en el \u00e1mbito acad\u00e9mico. Su experiencia incluye la adquisici\u00f3n de masa cr\u00edtica y conocimientos tanto en la Facultad de Ciencias Sociales, donde he impartido c\u00e1tedras de Derecho Civil y cursos de ingreso en la carrera de Abogac\u00eda, como en capacitaciones docentes y postgrados en Derecho de Familia y Derecho Laboral.<\/h5>\n<h5>En el \u00e1mbito de la docencia, forma parte del equipo de profesores de la c\u00e1tedra electiva \u00abEcolog\u00eda Proyectual\u00bb, asignatura dictada para las tres carreras de la Facultad de Arquitectura, Urbanismo y Dise\u00f1o de la Universidad Nacional de San Juan (UNSJ).<\/h5>\n<h5>Desde 2018, realiza tareas de investigaci\u00f3n en el Instituto de Restauraci\u00f3n y Patrimonio Hist\u00f3rico Arquitect\u00f3nico (IRPHA-CONICET) dentro del \u00e1mbito de la FAUD, participando en gabinetes de investigaci\u00f3n y en diversos proyectos orientados al estudio del patrimonio arquitect\u00f3nico en relaci\u00f3n con el ambiente. Su trabajo incluye actividades de producci\u00f3n cient\u00edfica, formaci\u00f3n de recursos humanos y divulgaci\u00f3n del conocimiento adquirido.<\/h5>\n<h5>Actualmente, dirige el proyecto \u00ab<strong>Modelo de normativa para la declaratoria de un bien patrimonial en el marco de los ODS \u2013 caso modelo escuelas centenarias del municipio de Rivadavia<\/strong>\u00ab, convocatoria 2023-2025, cuyo objetivo es desarrollar una normativa que proteja y promueva el patrimonio cultural del municipio, sirviendo como modelo replicable para otras localidades.<\/h5>\n<p>&nbsp;<\/p>\n<p><img decoding=\"async\" class=\"alignnone wp-image-1328\" src=\"https:\/\/patrimonioyambiente.faud.unsj.edu.ar\/wp-content\/uploads\/2025\/02\/CRISTINA-II-300x300.jpeg\" alt=\"\" width=\"185\" height=\"185\" srcset=\"https:\/\/patrimonioyambiente.faud.unsj.edu.ar\/wp-content\/uploads\/2025\/02\/CRISTINA-II-300x300.jpeg 300w, https:\/\/patrimonioyambiente.faud.unsj.edu.ar\/wp-content\/uploads\/2025\/02\/CRISTINA-II-1024x1024.jpeg 1024w, https:\/\/patrimonioyambiente.faud.unsj.edu.ar\/wp-content\/uploads\/2025\/02\/CRISTINA-II-150x150.jpeg 150w, https:\/\/patrimonioyambiente.faud.unsj.edu.ar\/wp-content\/uploads\/2025\/02\/CRISTINA-II-768x768.jpeg 768w, https:\/\/patrimonioyambiente.faud.unsj.edu.ar\/wp-content\/uploads\/2025\/02\/CRISTINA-II-1x1.jpeg 1w, https:\/\/patrimonioyambiente.faud.unsj.edu.ar\/wp-content\/uploads\/2025\/02\/CRISTINA-II.jpeg 1080w\" sizes=\"(max-width: 185px) 100vw, 185px\" \/><\/p>\n<h4><strong>Arq. Cristina N. Aballay: Docente, Investigadora de la FAUD &#8211; UNSJ<\/strong><\/h4>\n<h5>Arquitecta egresada de la Facultad de Arquitectura, Urbanismo y Dise\u00f1o en 2001. Desde 2002, ha participado activamente en proyectos de investigaci\u00f3n presentados y subsidiados por la Comisi\u00f3n de Investigaci\u00f3n Cient\u00edfica y Tecnol\u00f3gica (CICITCA), inicialmente como adscripta y, actualmente, como investigadora en la l\u00ednea de Patrimonio Cultural en el Instituto Regional de Planeamiento y H\u00e1bitat de la misma facultad. Como Jefe de Trabajos Pr\u00e1cticos, interviene en la producci\u00f3n de proyectos, la formaci\u00f3n de recursos humanos y la divulgaci\u00f3n cient\u00edfica.<\/h5>\n<h5>Paralelamente, desde 2018 es docente adscripta de la c\u00e1tedra electiva \u00abEcolog\u00eda Proyectual\u00bb asignatura dictada para las tres carreras de la Facultad de Arquitectura, Urbanismo y Dise\u00f1o de la Universidad Nacional de San Juan (UNSJ).<\/h5>\n<h5>Actualmente, dirige el proyecto \u00abPuesta en valor del patrimonio escolar municipal \u2013 Escuela Provincia de Tucum\u00e1n\u00bb, convocatoria 2024-2026, cuyo objetivo es evidenciar y valorar los elementos\u00a0 compositivos del patrimonio cultural de la escuela Provincia de Tucum\u00e1n modelo, como herramienta de gesti\u00f3n del municipio. .<\/h5>\n<h5>En el \u00e1mbito profesional, desde 2005, la Arq. Aballay trabaja en la Direcci\u00f3n de Planificaci\u00f3n y Proyectos de la Subsecretar\u00eda de Obras del Ministerio de Infraestructura, Agua y Energ\u00eda de la Provincia de San Juan. Trayectoria que le aporta amplios conocimientos en el \u00e1rea tecnol\u00f3gica y el uso de nuevos materiales en resoluci\u00f3n de la problem\u00e1tica edilicia de car\u00e1cter escolar.<\/h5>\n<p>&nbsp;<\/p>\n<p><img loading=\"lazy\" decoding=\"async\" class=\"alignnone wp-image-1424\" src=\"https:\/\/patrimonioyambiente.faud.unsj.edu.ar\/wp-content\/uploads\/2026\/03\/DANIELA-RIOS-II-259x300.png\" alt=\"\" width=\"167\" height=\"194\" srcset=\"https:\/\/patrimonioyambiente.faud.unsj.edu.ar\/wp-content\/uploads\/2026\/03\/DANIELA-RIOS-II-259x300.png 259w, https:\/\/patrimonioyambiente.faud.unsj.edu.ar\/wp-content\/uploads\/2026\/03\/DANIELA-RIOS-II-1x1.png 1w, https:\/\/patrimonioyambiente.faud.unsj.edu.ar\/wp-content\/uploads\/2026\/03\/DANIELA-RIOS-II.png 482w\" sizes=\"(max-width: 167px) 100vw, 167px\" \/><\/p>\n<h4><strong>Daniela E. R\u00edos Buenamaison: <\/strong><strong>Docente, Investigador<\/strong><strong>a<\/strong><strong> y Extensionista de la FAUD \u2013 UNSJ<\/strong><\/h4>\n<h5>Dise\u00f1adora Industrial egresada de la Facultad de Arquitectura, Urbanismo y Dise\u00f1o. Con carrera terciaria en Dise\u00f1o Gr\u00e1fico. Iniciando carrera en docencia e investigaci\u00f3n desde el a\u00f1o 2013, formando parte como jefe de trabajo pr\u00e1cticos en la C\u00e1tedra Metodolog\u00eda aplicada al dise\u00f1o (DI. DG.) y participando y dirigiendo activamente\u00a0 proyectos de investigaci\u00f3n\u00a0en el GIUr (Gabinete de investigaciones urbanas) perteneciente al Instituto Regional de Planeamiento y H\u00e1bitat de la misma facultad. Actualmente, dirigi\u00f3 el proyecto \u201cAn\u00e1lisis y aplicaci\u00f3n de los principios de ciudad educadora en San Juan\u201d.<\/h5>\n<h5>Actualmente se encuentra finalizando sus estudios en la carrera, Maestr\u00eda en Morfolog\u00eda del h\u00e1bitat humano, perteneciente a la FAUD &#8211; UNSJ.<\/h5>\n<p>&nbsp;<\/p>\n<h5><img loading=\"lazy\" decoding=\"async\" class=\"alignnone  wp-image-1456\" src=\"https:\/\/patrimonioyambiente.faud.unsj.edu.ar\/wp-content\/uploads\/2026\/03\/CARLA-NORIEGA-300x300.jpeg\" alt=\"\" width=\"158\" height=\"158\" srcset=\"https:\/\/patrimonioyambiente.faud.unsj.edu.ar\/wp-content\/uploads\/2026\/03\/CARLA-NORIEGA-300x300.jpeg 300w, https:\/\/patrimonioyambiente.faud.unsj.edu.ar\/wp-content\/uploads\/2026\/03\/CARLA-NORIEGA-150x150.jpeg 150w, https:\/\/patrimonioyambiente.faud.unsj.edu.ar\/wp-content\/uploads\/2026\/03\/CARLA-NORIEGA-1x1.jpeg 1w, https:\/\/patrimonioyambiente.faud.unsj.edu.ar\/wp-content\/uploads\/2026\/03\/CARLA-NORIEGA.jpeg 589w\" sizes=\"(max-width: 158px) 100vw, 158px\" \/><\/h5>\n<h4><strong>DG. Carla G.\u00a0 Noriega: Dise\u00f1adora Gr\u00e1fica egresada de la FAUD \u2013 UNSJ\u00a0<\/strong><\/h4>\n<h5>Dise\u00f1adora Gr\u00e1fica graduada en la Facultad de Arquitectura, Urbanismo y Dise\u00f1o de la UNSJ, con formaci\u00f3n orientada a la gesti\u00f3n cultural ambiental, eje central de su tesis de grado donde integr\u00f3 el dise\u00f1o como herramienta de valoraci\u00f3n y comunicaci\u00f3n de entornos naturales y culturales.<\/h5>\n<h5>Se desempe\u00f1\u00f3 como Docente Universitaria en el curso de ingreso de la FAUD (2026), y previamente como Tutora Acad\u00e9mica y becaria en medios audiovisuales (2019\u20132023), desarrollando contenidos vinculados a la identidad territorial y la educaci\u00f3n ambiental.<\/h5>\n<h5>Particip\u00f3 en investigaci\u00f3n como Estudiante Adscripta en el proyecto \u201cComunicaci\u00f3n del patrimonio escolar municipal \u2013 Caso modelo Escuela L\u00e1inez\u201d, abordando la identidad visual como estrategia de preservaci\u00f3n del patrimonio local. Actualmente, se incorpora al equipo de la c\u00e1tedra <em>Patrimonio y Ambiente<\/em> como Jefe de Trabajos Pr\u00e1cticos Adscripta, aportando una mirada t\u00e9cnica y reflexiva sobre la ecolog\u00eda visual, la sostenibilidad aplicada al dise\u00f1o y el rol del patrimonio en la construcci\u00f3n de conciencia ambiental.<\/h5>\n<p>&nbsp;<\/p>\n<p><img loading=\"lazy\" decoding=\"async\" class=\"alignnone wp-image-1427\" src=\"https:\/\/patrimonioyambiente.faud.unsj.edu.ar\/wp-content\/uploads\/2026\/03\/JOSE-AMADO-1-300x300.jpeg\" alt=\"\" width=\"160\" height=\"160\" srcset=\"https:\/\/patrimonioyambiente.faud.unsj.edu.ar\/wp-content\/uploads\/2026\/03\/JOSE-AMADO-1-300x300.jpeg 300w, https:\/\/patrimonioyambiente.faud.unsj.edu.ar\/wp-content\/uploads\/2026\/03\/JOSE-AMADO-1-150x150.jpeg 150w, https:\/\/patrimonioyambiente.faud.unsj.edu.ar\/wp-content\/uploads\/2026\/03\/JOSE-AMADO-1-768x768.jpeg 768w, https:\/\/patrimonioyambiente.faud.unsj.edu.ar\/wp-content\/uploads\/2026\/03\/JOSE-AMADO-1-1x1.jpeg 1w, https:\/\/patrimonioyambiente.faud.unsj.edu.ar\/wp-content\/uploads\/2026\/03\/JOSE-AMADO-1.jpeg 791w\" sizes=\"(max-width: 160px) 100vw, 160px\" \/><\/p>\n<h4><strong>Jos\u00e9 E. Amado: Estudiante de Dise\u00f1o Industrial de la FAUD &#8211; UNSJ<\/strong><\/h4>\n<h5>Estudiante avanzado de la carrera, comprometido con transformar positivamente la realidad del mundo mediante soluciones innovadoras y sostenibles. Concibe el dise\u00f1o como un camino y estilo de vida que le permite desarrollar productos y servicios significativos, generando as\u00ed un impacto positivo en la sociedad y el medio ambiente. Participa en calidad de adscripto a proyectos de investigaci\u00f3n el IDIS, instituto que pertenece a la \u00f3rbita del IRPHA-CONICET y posee capacitaciones y conocimientos adquiridos en el campo de Dise\u00f1o Gr\u00e1fico y Editorial.<\/h5>\n<p>&nbsp;<\/p>\n<h5><\/h5>\n","protected":false},"excerpt":{"rendered":"<p>Somos un equipo interdisciplinario, motivados por la valoraci\u00f3n y conservaci\u00f3n del patrimonio cultural y ambiental. Observamos y entendemos el compromiso del dise\u00f1ador frente a los desaf\u00edos proyectuales que esto conlleva. Cada uno, desde su campo profesional se propone acompa\u00f1ar al estudiante, ya sea de Arquitectura, Dise\u00f1o Industrial o Dise\u00f1o Gr\u00e1fico en la tarea de construir [&hellip;]<\/p>\n","protected":false},"author":3,"featured_media":662,"parent":0,"menu_order":0,"comment_status":"closed","ping_status":"closed","template":"","meta":{"_mc_calendar":[],"footnotes":""},"class_list":["post-2","page","type-page","status-publish","has-post-thumbnail","hentry"],"_links":{"self":[{"href":"https:\/\/patrimonioyambiente.faud.unsj.edu.ar\/index.php?rest_route=\/wp\/v2\/pages\/2","targetHints":{"allow":["GET"]}}],"collection":[{"href":"https:\/\/patrimonioyambiente.faud.unsj.edu.ar\/index.php?rest_route=\/wp\/v2\/pages"}],"about":[{"href":"https:\/\/patrimonioyambiente.faud.unsj.edu.ar\/index.php?rest_route=\/wp\/v2\/types\/page"}],"author":[{"embeddable":true,"href":"https:\/\/patrimonioyambiente.faud.unsj.edu.ar\/index.php?rest_route=\/wp\/v2\/users\/3"}],"replies":[{"embeddable":true,"href":"https:\/\/patrimonioyambiente.faud.unsj.edu.ar\/index.php?rest_route=%2Fwp%2Fv2%2Fcomments&post=2"}],"version-history":[{"count":93,"href":"https:\/\/patrimonioyambiente.faud.unsj.edu.ar\/index.php?rest_route=\/wp\/v2\/pages\/2\/revisions"}],"predecessor-version":[{"id":1457,"href":"https:\/\/patrimonioyambiente.faud.unsj.edu.ar\/index.php?rest_route=\/wp\/v2\/pages\/2\/revisions\/1457"}],"wp:featuredmedia":[{"embeddable":true,"href":"https:\/\/patrimonioyambiente.faud.unsj.edu.ar\/index.php?rest_route=\/wp\/v2\/media\/662"}],"wp:attachment":[{"href":"https:\/\/patrimonioyambiente.faud.unsj.edu.ar\/index.php?rest_route=%2Fwp%2Fv2%2Fmedia&parent=2"}],"curies":[{"name":"wp","href":"https:\/\/api.w.org\/{rel}","templated":true}]}}