{"id":39,"date":"2018-08-31T19:53:23","date_gmt":"2018-08-31T22:53:23","guid":{"rendered":"https:\/\/patrimonioyambiente.faud.unsj.edu.ar\/?page_id=39"},"modified":"2025-01-27T02:12:56","modified_gmt":"2025-01-27T05:12:56","slug":"propuesta","status":"publish","type":"page","link":"https:\/\/patrimonioyambiente.faud.unsj.edu.ar\/?page_id=39","title":{"rendered":"Propuesta"},"content":{"rendered":"<p><img fetchpriority=\"high\" decoding=\"async\" class=\"aligncenter\" src=\"https:\/\/www.infobae.com\/resizer\/v2\/https%3A%2F%2Fs3.amazonaws.com%2Farc-wordpress-client-uploads%2Finfobae-wp%2Fwp-content%2Fuploads%2F2016%2F06%2F07142005%2Fadaptive-reuse-architecture-02-773x1024.jpg?auth=2ea118078d8a9d7eb5636961cf067599e83ef94f94bf03a83405464023e70694&amp;smart=true&amp;width=992&amp;quality=85\" width=\"504\" height=\"667\" \/><\/p>\n<h4><strong>\u00a0 \u00a0 \u00a0 \u00a0 \u00a0 \u00a0 \u00a0 \u00a0 \u00a0 \u00a0 \u00a0 \u00a0 \u00a0 \u00a0 \u00a0 \u00a0 \u00a0 \u00a0 \u00a0 \u00a0<span style=\"color: #808080;\"> \u00a0 \u00a0Convento de San Francisco, Barcelona &#8211; Espa\u00f1a<\/span><\/strong><\/h4>\n<p>En esta asignatura, pretende concientizar a los estudiantes sobre la importancia del patrimonio cultural y la legislaci\u00f3n, utilizando criterios de calidad, sustentabilidad e innovaci\u00f3n como base para valorarlos y criticarlos de manera constructiva.<\/p>\n<p>Proporcion\u00e1ndolos de herramientas hist\u00f3ricas para comprender la evoluci\u00f3n de la ocupaci\u00f3n de espacios y las relaciones sociales, as\u00ed como su interacci\u00f3n con el entorno. Identificando cambios en la comunidad a trav\u00e9s de elementos tangibles e intangibles conservados, y capacit\u00e1ndolos en la detecci\u00f3n de lugares de valor testimonial, empleando materiales y t\u00e9cnicas regionales, con aplicaci\u00f3n de las normativas locales, provinciales y nacionales.<\/p>\n<p>Adem\u00e1s, se fomentar\u00e1 el inter\u00e9s y respeto por el trabajo interdisciplinario y el conocimiento de profesionales de diversas \u00e1reas, promoviendo una visi\u00f3n hol\u00edstica y colaborativa en la preservaci\u00f3n del patrimonio cultural.<\/p>\n<blockquote>\n<h2 style=\"text-align: left;\" align=\"JUSTIFY\"><span style=\"color: #ff6600;\"><strong><span style=\"font-family: Calibri, serif;\"><span style=\"font-size: medium;\">\u00abLa tem\u00e1tica abordada se presume como un acto de amor hacia la memoria viva de nuestros pueblos. La preservaci\u00f3n del patrimonio cultural no solo honra el pasado, sino que ilumina el camino hacia un futuro m\u00e1s consciente y justo. Dotar a los estudiantes de herramientas hist\u00f3ricas y fomentar el respeto por el trabajo interdisciplinario es plantar semillas de conocimiento y colaboraci\u00f3n. As\u00ed, se construye un presente que valora lo que fue y lo que puede ser, entrelazando lo tangible y lo intangible en un tapiz de identidad y esperanza compartida en la preservaci\u00f3n del ambiente&#8230;\u00bb<br \/>\n<\/span><\/span><\/strong><\/span><span style=\"color: #ff6600;\"><strong><span style=\"font-family: Calibri, serif;\"><span style=\"font-size: medium;\"><i>\u00a0La C\u00e1tedra.<\/i><\/span><\/span><\/strong><\/span><\/h2>\n<\/blockquote>\n","protected":false},"excerpt":{"rendered":"<p>\u00a0 \u00a0 \u00a0 \u00a0 \u00a0 \u00a0 \u00a0 \u00a0 \u00a0 \u00a0 \u00a0 \u00a0 \u00a0 \u00a0 \u00a0 \u00a0 \u00a0 \u00a0 \u00a0 \u00a0 \u00a0 \u00a0Convento de San Francisco, Barcelona &#8211; Espa\u00f1a En esta asignatura, pretende concientizar a los estudiantes sobre la importancia del patrimonio cultural y la legislaci\u00f3n, utilizando criterios de calidad, sustentabilidad e innovaci\u00f3n como base para [&hellip;]<\/p>\n","protected":false},"author":3,"featured_media":0,"parent":0,"menu_order":0,"comment_status":"closed","ping_status":"closed","template":"","meta":{"_mc_calendar":[],"footnotes":""},"class_list":["post-39","page","type-page","status-publish","hentry"],"_links":{"self":[{"href":"https:\/\/patrimonioyambiente.faud.unsj.edu.ar\/index.php?rest_route=\/wp\/v2\/pages\/39","targetHints":{"allow":["GET"]}}],"collection":[{"href":"https:\/\/patrimonioyambiente.faud.unsj.edu.ar\/index.php?rest_route=\/wp\/v2\/pages"}],"about":[{"href":"https:\/\/patrimonioyambiente.faud.unsj.edu.ar\/index.php?rest_route=\/wp\/v2\/types\/page"}],"author":[{"embeddable":true,"href":"https:\/\/patrimonioyambiente.faud.unsj.edu.ar\/index.php?rest_route=\/wp\/v2\/users\/3"}],"replies":[{"embeddable":true,"href":"https:\/\/patrimonioyambiente.faud.unsj.edu.ar\/index.php?rest_route=%2Fwp%2Fv2%2Fcomments&post=39"}],"version-history":[{"count":15,"href":"https:\/\/patrimonioyambiente.faud.unsj.edu.ar\/index.php?rest_route=\/wp\/v2\/pages\/39\/revisions"}],"predecessor-version":[{"id":1246,"href":"https:\/\/patrimonioyambiente.faud.unsj.edu.ar\/index.php?rest_route=\/wp\/v2\/pages\/39\/revisions\/1246"}],"wp:attachment":[{"href":"https:\/\/patrimonioyambiente.faud.unsj.edu.ar\/index.php?rest_route=%2Fwp%2Fv2%2Fmedia&parent=39"}],"curies":[{"name":"wp","href":"https:\/\/api.w.org\/{rel}","templated":true}]}}