{"id":44,"date":"2018-08-31T19:54:41","date_gmt":"2018-08-31T22:54:41","guid":{"rendered":"https:\/\/patrimonioyambiente.faud.unsj.edu.ar\/?page_id=44"},"modified":"2025-04-23T16:41:32","modified_gmt":"2025-04-23T19:41:32","slug":"excursiones","status":"publish","type":"page","link":"https:\/\/patrimonioyambiente.faud.unsj.edu.ar\/?page_id=44","title":{"rendered":"Visitas T\u00e9cnicas"},"content":{"rendered":"\t\t<div data-elementor-type=\"wp-page\" data-elementor-id=\"44\" class=\"elementor elementor-44\">\n\t\t\t\t\t\t<section class=\"elementor-section elementor-top-section elementor-element elementor-element-3f97c08 elementor-section-boxed elementor-section-height-default elementor-section-height-default\" data-id=\"3f97c08\" data-element_type=\"section\" data-e-type=\"section\">\n\t\t\t\t\t\t<div class=\"elementor-container elementor-column-gap-default\">\n\t\t\t\t\t<div class=\"elementor-column elementor-col-100 elementor-top-column elementor-element elementor-element-e25a26b\" data-id=\"e25a26b\" data-element_type=\"column\" data-e-type=\"column\">\n\t\t\t<div class=\"elementor-widget-wrap elementor-element-populated\">\n\t\t\t\t\t\t<div class=\"elementor-element elementor-element-9c9c1d7 elementor-widget elementor-widget-text-editor\" data-id=\"9c9c1d7\" data-element_type=\"widget\" data-e-type=\"widget\" data-widget_type=\"text-editor.default\">\n\t\t\t\t<div class=\"elementor-widget-container\">\n\t\t\t\t\t\t\t\t\t<p>&nbsp; &nbsp; &nbsp; &nbsp; &nbsp; &nbsp; &nbsp; &nbsp; &nbsp; &nbsp; &nbsp; &nbsp; &nbsp; &nbsp;&nbsp;<img fetchpriority=\"high\" decoding=\"async\" class=\"alignnone size-medium wp-image-1192\" src=\"https:\/\/patrimonioyambiente.faud.unsj.edu.ar\/wp-content\/uploads\/2025\/01\/WhatsApp-Image-2024-05-31-at-19.02.27-1-226x300.jpeg\" alt=\"\" width=\"226\" height=\"300\" srcset=\"https:\/\/patrimonioyambiente.faud.unsj.edu.ar\/wp-content\/uploads\/2025\/01\/WhatsApp-Image-2024-05-31-at-19.02.27-1-226x300.jpeg 226w, https:\/\/patrimonioyambiente.faud.unsj.edu.ar\/wp-content\/uploads\/2025\/01\/WhatsApp-Image-2024-05-31-at-19.02.27-1-771x1024.jpeg 771w, https:\/\/patrimonioyambiente.faud.unsj.edu.ar\/wp-content\/uploads\/2025\/01\/WhatsApp-Image-2024-05-31-at-19.02.27-1-768x1021.jpeg 768w, https:\/\/patrimonioyambiente.faud.unsj.edu.ar\/wp-content\/uploads\/2025\/01\/WhatsApp-Image-2024-05-31-at-19.02.27-1-1156x1536.jpeg 1156w, https:\/\/patrimonioyambiente.faud.unsj.edu.ar\/wp-content\/uploads\/2025\/01\/WhatsApp-Image-2024-05-31-at-19.02.27-1-1x1.jpeg 1w, https:\/\/patrimonioyambiente.faud.unsj.edu.ar\/wp-content\/uploads\/2025\/01\/WhatsApp-Image-2024-05-31-at-19.02.27-1.jpeg 1204w\" sizes=\"(max-width: 226px) 100vw, 226px\" \/>&nbsp;&nbsp;&nbsp;<img decoding=\"async\" class=\"alignnone size-medium wp-image-1193\" src=\"https:\/\/patrimonioyambiente.faud.unsj.edu.ar\/wp-content\/uploads\/2025\/01\/WhatsApp-Image-2024-05-31-at-19.02.28-226x300.jpeg\" alt=\"\" width=\"226\" height=\"300\" srcset=\"https:\/\/patrimonioyambiente.faud.unsj.edu.ar\/wp-content\/uploads\/2025\/01\/WhatsApp-Image-2024-05-31-at-19.02.28-226x300.jpeg 226w, https:\/\/patrimonioyambiente.faud.unsj.edu.ar\/wp-content\/uploads\/2025\/01\/WhatsApp-Image-2024-05-31-at-19.02.28-771x1024.jpeg 771w, https:\/\/patrimonioyambiente.faud.unsj.edu.ar\/wp-content\/uploads\/2025\/01\/WhatsApp-Image-2024-05-31-at-19.02.28-768x1021.jpeg 768w, https:\/\/patrimonioyambiente.faud.unsj.edu.ar\/wp-content\/uploads\/2025\/01\/WhatsApp-Image-2024-05-31-at-19.02.28-1156x1536.jpeg 1156w, https:\/\/patrimonioyambiente.faud.unsj.edu.ar\/wp-content\/uploads\/2025\/01\/WhatsApp-Image-2024-05-31-at-19.02.28-1x1.jpeg 1w, https:\/\/patrimonioyambiente.faud.unsj.edu.ar\/wp-content\/uploads\/2025\/01\/WhatsApp-Image-2024-05-31-at-19.02.28.jpeg 1204w\" sizes=\"(max-width: 226px) 100vw, 226px\" \/>&nbsp; &nbsp; &nbsp; &nbsp; &nbsp; &nbsp; &nbsp; &nbsp; &nbsp; &nbsp; &nbsp; &nbsp; &nbsp; &nbsp; &nbsp; &nbsp; &nbsp; &nbsp; &nbsp; &nbsp; &nbsp; &nbsp; &nbsp; &nbsp; &nbsp; &nbsp; &nbsp; &nbsp; &nbsp; &nbsp; &nbsp; &nbsp; &nbsp; &nbsp; &nbsp; &nbsp; &nbsp; &nbsp; &nbsp; &nbsp; &nbsp; &nbsp; &nbsp; &nbsp; &nbsp; &nbsp; &nbsp; &nbsp; &nbsp; &nbsp; &nbsp; &nbsp; &nbsp; &nbsp; &nbsp; &nbsp; &nbsp; &nbsp; &nbsp;<img decoding=\"async\" class=\"alignnone size-medium wp-image-1194\" style=\"color: var( --e-global-color-text ); font-family: var( --e-global-typography-text-font-family ), Sans-serif; font-weight: var( --e-global-typography-text-font-weight );\" src=\"https:\/\/patrimonioyambiente.faud.unsj.edu.ar\/wp-content\/uploads\/2025\/01\/WhatsApp-Image-2024-05-31-at-19.02.10-1-300x225.jpeg\" alt=\"\" width=\"300\" height=\"225\" srcset=\"https:\/\/patrimonioyambiente.faud.unsj.edu.ar\/wp-content\/uploads\/2025\/01\/WhatsApp-Image-2024-05-31-at-19.02.10-1-300x225.jpeg 300w, https:\/\/patrimonioyambiente.faud.unsj.edu.ar\/wp-content\/uploads\/2025\/01\/WhatsApp-Image-2024-05-31-at-19.02.10-1-1024x768.jpeg 1024w, https:\/\/patrimonioyambiente.faud.unsj.edu.ar\/wp-content\/uploads\/2025\/01\/WhatsApp-Image-2024-05-31-at-19.02.10-1-768x576.jpeg 768w, https:\/\/patrimonioyambiente.faud.unsj.edu.ar\/wp-content\/uploads\/2025\/01\/WhatsApp-Image-2024-05-31-at-19.02.10-1-1x1.jpeg 1w, https:\/\/patrimonioyambiente.faud.unsj.edu.ar\/wp-content\/uploads\/2025\/01\/WhatsApp-Image-2024-05-31-at-19.02.10-1.jpeg 1280w\" sizes=\"(max-width: 300px) 100vw, 300px\" \/><span style=\"color: var( --e-global-color-text ); font-family: var( --e-global-typography-text-font-family ), Sans-serif; font-weight: var( --e-global-typography-text-font-weight );\">&nbsp;<\/span><\/p>\n<p>Permiten una apreciaci\u00f3n directa de las t\u00e9cnicas y materiales tradicionales en Arquitectura, y de la durabilidad y est\u00e9tica de productos hist\u00f3ricos en Dise\u00f1o Industrial. En Dise\u00f1o Gr\u00e1fico, ayuda a entender la evoluci\u00f3n del dise\u00f1o.&nbsp;<\/p>\n<p><strong>Aportando adem\u00e1s los siguientes conceptos;<\/strong>&nbsp;fomenta una mayor conciencia sobre la importancia de preservar el patrimonio cultural; e<span style=\"color: var( --e-global-color-text ); font-family: var( --e-global-typography-text-font-family ), Sans-serif; font-weight: var( --e-global-typography-text-font-weight );\">nriquecen la comprensi\u00f3n del contexto hist\u00f3rico y cultural local;&nbsp;<\/span><span style=\"color: var( --e-global-color-text ); font-family: var( --e-global-typography-text-font-family ), Sans-serif; font-weight: var( --e-global-typography-text-font-weight );\">inspiran y estimulan la creatividad al estar en contacto con obras de gran valor hist\u00f3rico y cultural.&nbsp;<\/span><span style=\"color: var( --e-global-color-text ); font-family: var( --e-global-typography-text-font-family ), Sans-serif; font-weight: var( --e-global-typography-text-font-weight );\">Ofreciendo a su vez oportunidades de networking con profesionales del campo de la conservaci\u00f3n del patrimonio.&nbsp;<\/span><span style=\"color: var( --e-global-color-text ); font-family: var( --e-global-typography-text-font-family ), Sans-serif; font-weight: var( --e-global-typography-text-font-weight );\">Estas visitas complementan la teor\u00eda y preparan a los estudiantes de manera integral para su futura profesi\u00f3n.&nbsp;<\/span><\/p>\t\t\t\t\t\t\t\t<\/div>\n\t\t\t\t<\/div>\n\t\t\t\t\t<\/div>\n\t\t<\/div>\n\t\t\t\t\t<\/div>\n\t\t<\/section>\n\t\t\t\t<\/div>\n\t\t","protected":false},"excerpt":{"rendered":"<p>&nbsp; &nbsp; &nbsp; &nbsp; &nbsp; &nbsp; &nbsp; &nbsp; &nbsp; &nbsp; &nbsp; &nbsp; &nbsp; &nbsp;&nbsp;&nbsp;&nbsp;&nbsp;&nbsp; &nbsp; &nbsp; &nbsp; &nbsp; &nbsp; &nbsp; &nbsp; &nbsp; &nbsp; &nbsp; &nbsp; &nbsp; &nbsp; &nbsp; &nbsp; &nbsp; &nbsp; &nbsp; &nbsp; &nbsp; &nbsp; &nbsp; &nbsp; &nbsp; &nbsp; &nbsp; &nbsp; &nbsp; &nbsp; &nbsp; &nbsp; &nbsp; &nbsp; &nbsp; &nbsp; &nbsp; &nbsp; &nbsp; &nbsp; &nbsp; &nbsp; [&hellip;]<\/p>\n","protected":false},"author":3,"featured_media":1194,"parent":1182,"menu_order":1,"comment_status":"closed","ping_status":"closed","template":"","meta":{"_mc_calendar":[],"footnotes":""},"class_list":["post-44","page","type-page","status-publish","has-post-thumbnail","hentry"],"_links":{"self":[{"href":"https:\/\/patrimonioyambiente.faud.unsj.edu.ar\/index.php?rest_route=\/wp\/v2\/pages\/44","targetHints":{"allow":["GET"]}}],"collection":[{"href":"https:\/\/patrimonioyambiente.faud.unsj.edu.ar\/index.php?rest_route=\/wp\/v2\/pages"}],"about":[{"href":"https:\/\/patrimonioyambiente.faud.unsj.edu.ar\/index.php?rest_route=\/wp\/v2\/types\/page"}],"author":[{"embeddable":true,"href":"https:\/\/patrimonioyambiente.faud.unsj.edu.ar\/index.php?rest_route=\/wp\/v2\/users\/3"}],"replies":[{"embeddable":true,"href":"https:\/\/patrimonioyambiente.faud.unsj.edu.ar\/index.php?rest_route=%2Fwp%2Fv2%2Fcomments&post=44"}],"version-history":[{"count":28,"href":"https:\/\/patrimonioyambiente.faud.unsj.edu.ar\/index.php?rest_route=\/wp\/v2\/pages\/44\/revisions"}],"predecessor-version":[{"id":1406,"href":"https:\/\/patrimonioyambiente.faud.unsj.edu.ar\/index.php?rest_route=\/wp\/v2\/pages\/44\/revisions\/1406"}],"up":[{"embeddable":true,"href":"https:\/\/patrimonioyambiente.faud.unsj.edu.ar\/index.php?rest_route=\/wp\/v2\/pages\/1182"}],"wp:featuredmedia":[{"embeddable":true,"href":"https:\/\/patrimonioyambiente.faud.unsj.edu.ar\/index.php?rest_route=\/wp\/v2\/media\/1194"}],"wp:attachment":[{"href":"https:\/\/patrimonioyambiente.faud.unsj.edu.ar\/index.php?rest_route=%2Fwp%2Fv2%2Fmedia&parent=44"}],"curies":[{"name":"wp","href":"https:\/\/api.w.org\/{rel}","templated":true}]}}