{"id":471,"date":"2025-01-14T00:00:23","date_gmt":"2025-01-14T03:00:23","guid":{"rendered":"https:\/\/patrimonioyambiente.faud.unsj.edu.ar\/?page_id=471"},"modified":"2026-03-19T00:20:50","modified_gmt":"2026-03-19T03:20:50","slug":"inicio","status":"publish","type":"page","link":"https:\/\/patrimonioyambiente.faud.unsj.edu.ar\/","title":{"rendered":"\u00a1Bienvenidos!"},"content":{"rendered":"<p>&nbsp;<\/p>\n<p>&nbsp;<\/p>\n<p><img fetchpriority=\"high\" decoding=\"async\" class=\"wp-image-1138 aligncenter\" src=\"https:\/\/patrimonioyambiente.faud.unsj.edu.ar\/wp-content\/uploads\/2025\/01\/AUDITORIO-JUAN-VICTORIA-MUNICIPIO-DE-LA-CAPITAL-300x200.jpg\" alt=\"\" width=\"509\" height=\"339\" srcset=\"https:\/\/patrimonioyambiente.faud.unsj.edu.ar\/wp-content\/uploads\/2025\/01\/AUDITORIO-JUAN-VICTORIA-MUNICIPIO-DE-LA-CAPITAL-300x200.jpg 300w, https:\/\/patrimonioyambiente.faud.unsj.edu.ar\/wp-content\/uploads\/2025\/01\/AUDITORIO-JUAN-VICTORIA-MUNICIPIO-DE-LA-CAPITAL-1024x683.jpg 1024w, https:\/\/patrimonioyambiente.faud.unsj.edu.ar\/wp-content\/uploads\/2025\/01\/AUDITORIO-JUAN-VICTORIA-MUNICIPIO-DE-LA-CAPITAL-768x512.jpg 768w, https:\/\/patrimonioyambiente.faud.unsj.edu.ar\/wp-content\/uploads\/2025\/01\/AUDITORIO-JUAN-VICTORIA-MUNICIPIO-DE-LA-CAPITAL-1x1.jpg 1w, https:\/\/patrimonioyambiente.faud.unsj.edu.ar\/wp-content\/uploads\/2025\/01\/AUDITORIO-JUAN-VICTORIA-MUNICIPIO-DE-LA-CAPITAL.jpg 1200w\" sizes=\"(max-width: 509px) 100vw, 509px\" \/><\/p>\n<p>Bienvenidos al blog de la asignatura electiva Patrimonio y Ambiente, perteneciente a la Facultad de Arquitectura, Urbanismo y Dise\u00f1o de la Universidad Nacional de San Juan.<\/p>\n<p>Te invitamos a explorar nuestro blog, donde profundizamos en temas relacionados la conservaci\u00f3n del Patrimonio Cultural en el marco de la preservaci\u00f3n del ambiente<\/p>\n<p>Nuestro prop\u00f3sito es difundir conceptos esenciales para fomentar una conciencia integral sobre la importancia de la conservaci\u00f3n, puesta en valor, recupero, difusi\u00f3n y facilitaci\u00f3n de la pr\u00e1ctica del patrimonio, pero con posibilidad de investigar y nutrirse desde distintos campos: la arquitectura, el dise\u00f1o industrial, el dise\u00f1o gr\u00e1fico, el derecho, la historia y la ciencia en general. Siempre en el marco de la sostenibilidad ambiental y cultural. Buscamos impulsar el activismo y la implementaci\u00f3n de mecanismos que contribuyan a un futuro m\u00e1s sostenible.<\/p>\n<p>Queremos que descubras ejemplos inspiradores en la Arquitectura, Dise\u00f1o Industrial y Dise\u00f1o Gr\u00e1fico, as\u00ed como en otros campos que d\u00eda a d\u00eda contribuyen a construir un presente mejor y un futuro pr\u00f3spero y sostenible que incluya a todos los habitantes de nuestro planeta.<\/p>\n<p style=\"text-align: right;\"><strong>\u00a1Gracias por visitarnos!\u00a0 <\/strong><\/p>\n<p>&nbsp;<\/p>\n<p style=\"text-align: center;\"><span style=\"color: #ff6600;\"><em><strong>\u00bfQuer\u00e9s ser parte de la c\u00e1tedra? Complet\u00e1 tu preinscripci\u00f3n aqu\u00ed\u201d<\/strong><\/em><\/span><\/p>\n<p style=\"text-align: center;\"><span style=\"color: #ff6600;\"><a style=\"color: #ff6600;\" href=\"https:\/\/forms.gle\/x89NZJ7DNzaGUeWz8\">https:\/\/forms.gle\/x89NZJ7DNzaGUeWz8<\/a><\/span><\/p>\n","protected":false},"excerpt":{"rendered":"<p>&nbsp; &nbsp; Bienvenidos al blog de la asignatura electiva Patrimonio y Ambiente, perteneciente a la Facultad de Arquitectura, Urbanismo y Dise\u00f1o de la Universidad Nacional de San Juan. Te invitamos a explorar nuestro blog, donde profundizamos en temas relacionados la conservaci\u00f3n del Patrimonio Cultural en el marco de la preservaci\u00f3n del ambiente Nuestro prop\u00f3sito es [&hellip;]<\/p>\n","protected":false},"author":3,"featured_media":1247,"parent":0,"menu_order":0,"comment_status":"closed","ping_status":"closed","template":"","meta":{"_mc_calendar":[],"footnotes":""},"class_list":["post-471","page","type-page","status-publish","has-post-thumbnail","hentry"],"_links":{"self":[{"href":"https:\/\/patrimonioyambiente.faud.unsj.edu.ar\/index.php?rest_route=\/wp\/v2\/pages\/471","targetHints":{"allow":["GET"]}}],"collection":[{"href":"https:\/\/patrimonioyambiente.faud.unsj.edu.ar\/index.php?rest_route=\/wp\/v2\/pages"}],"about":[{"href":"https:\/\/patrimonioyambiente.faud.unsj.edu.ar\/index.php?rest_route=\/wp\/v2\/types\/page"}],"author":[{"embeddable":true,"href":"https:\/\/patrimonioyambiente.faud.unsj.edu.ar\/index.php?rest_route=\/wp\/v2\/users\/3"}],"replies":[{"embeddable":true,"href":"https:\/\/patrimonioyambiente.faud.unsj.edu.ar\/index.php?rest_route=%2Fwp%2Fv2%2Fcomments&post=471"}],"version-history":[{"count":20,"href":"https:\/\/patrimonioyambiente.faud.unsj.edu.ar\/index.php?rest_route=\/wp\/v2\/pages\/471\/revisions"}],"predecessor-version":[{"id":1445,"href":"https:\/\/patrimonioyambiente.faud.unsj.edu.ar\/index.php?rest_route=\/wp\/v2\/pages\/471\/revisions\/1445"}],"wp:featuredmedia":[{"embeddable":true,"href":"https:\/\/patrimonioyambiente.faud.unsj.edu.ar\/index.php?rest_route=\/wp\/v2\/media\/1247"}],"wp:attachment":[{"href":"https:\/\/patrimonioyambiente.faud.unsj.edu.ar\/index.php?rest_route=%2Fwp%2Fv2%2Fmedia&parent=471"}],"curies":[{"name":"wp","href":"https:\/\/api.w.org\/{rel}","templated":true}]}}