{"id":49,"date":"2018-09-07T17:24:48","date_gmt":"2018-09-07T20:24:48","guid":{"rendered":"https:\/\/patrimonioyambiente.faud.unsj.edu.ar\/?page_id=49"},"modified":"2025-05-09T13:12:51","modified_gmt":"2025-05-09T16:12:51","slug":"lecturas-de-catedra","status":"publish","type":"page","link":"https:\/\/patrimonioyambiente.faud.unsj.edu.ar\/?page_id=49","title":{"rendered":"Bibliograf\u00eda y Lecturas, sugeridas"},"content":{"rendered":"<p><img fetchpriority=\"high\" decoding=\"async\" class=\"wp-image-1252 aligncenter\" src=\"https:\/\/patrimonioyambiente.faud.unsj.edu.ar\/wp-content\/uploads\/2025\/01\/BIBLIOTECA-DIGITAL-300x169.jpg\" alt=\"\" width=\"564\" height=\"318\" srcset=\"https:\/\/patrimonioyambiente.faud.unsj.edu.ar\/wp-content\/uploads\/2025\/01\/BIBLIOTECA-DIGITAL-300x169.jpg 300w, https:\/\/patrimonioyambiente.faud.unsj.edu.ar\/wp-content\/uploads\/2025\/01\/BIBLIOTECA-DIGITAL-1024x575.jpg 1024w, https:\/\/patrimonioyambiente.faud.unsj.edu.ar\/wp-content\/uploads\/2025\/01\/BIBLIOTECA-DIGITAL-768x432.jpg 768w, https:\/\/patrimonioyambiente.faud.unsj.edu.ar\/wp-content\/uploads\/2025\/01\/BIBLIOTECA-DIGITAL-1536x863.jpg 1536w, https:\/\/patrimonioyambiente.faud.unsj.edu.ar\/wp-content\/uploads\/2025\/01\/BIBLIOTECA-DIGITAL-1x1.jpg 1w, https:\/\/patrimonioyambiente.faud.unsj.edu.ar\/wp-content\/uploads\/2025\/01\/BIBLIOTECA-DIGITAL.jpg 1920w\" sizes=\"(max-width: 564px) 100vw, 564px\" \/><\/p>\n<p><span style=\"color: #808080;\"><em>\u00abAl recordar y valorar el pasado, encontramos las semillas para un futuro m\u00e1s consciente y humano. Ampliar nuestros conocimientos sobre el patrimonio y el ambiente nos permite dise\u00f1ar con el coraz\u00f3n y la mente, construyendo un legado duradero y responsable.\u00bb<\/em><\/span><\/p>\n<p>&nbsp;<\/p>\n<h4><strong>BIBLIOGRAF\u00cdA GENERAL Y ESPEC\u00cdFICA<\/strong><\/h4>\n<p>\u2022 <strong>L\u00e1zaro Feo AL<\/strong> \u2013 Cadernos de Dereito Actual, (2022). EL PATRIMONIO CULTURAL<br \/>\nINMATERIAL DE LOS PUEBLOS IND\u00cdGENAS: SU PROTECCI\u00d3N EN LA NORMATIVA<br \/>\nINTERNACIONAL &#8211; cadernosdedereitoactual.es<br \/>\n\u2022 <strong>FJ Melgosa Arcos<\/strong> (2001)- TURISMO Y SOSTENIBILIDAD EN LAS CIUDADES<br \/>\nPATRIMONIO DE LA HUMANIDAD: PRINCIPIOS, MARCO E INSTRUMENTOS DE<br \/>\nACTUACI\u00d3N &#8211; gredos.usal.es<br \/>\n\u2022<strong> Rodr\u00edguez CM\u00c1; L\u00f3pez, MPC.<\/strong> &#8211; (2014) LA SALVAGUARDIA DEL PATRIMONIO<br \/>\nCULTURAL INMATERIAL: UNA APROXIMACI\u00d3N A LA RECIENTE LEY 10\/2015 &#8211;<br \/>\nRIIPAC: Revista sobre Patrimonio &#8211; dialnet.unirioja.es<br \/>\n\u2022 <strong>Endere ML.<\/strong> (2009) \u2013 ALGUNAS REFLEXIONES ACERCA DEL PATRIMONIO<br \/>\nPatrimonio, ciencia y comunidad. Su abordaje en los, &#8211; academia.edu<br \/>\n<strong>\u2022 Olvera MAL.<\/strong> (2018) &#8211; R\u00c9GIMEN JUR\u00cdDICO DEL PATRIMONIO NATURAL EN M\u00c9XICO<br \/>\nRevista Aragonesa de Administraci\u00f3n P\u00fablica, &#8211; dialnet.unirioja.es<br \/>\n<strong>\u2022 Abensur VB.<\/strong> &#8211; (2002) &#8211; LA PROTECCI\u00d3N DEL MEDIO AMBIENTE Y LOS RECURSOS<br \/>\nNATURALES EN LA NUEVA CONSTITUCI\u00d3N DEL PER\u00da &#8211; Investigaci\u00f3n de la Facultad<br \/>\nde \u2026, revistasinvestigacion.unmsm.edu.pe<br \/>\n<strong>\u2022 Giacomasso MV. Endere ML.<\/strong> &#8211; (2019) &#8211; LA LEGISLACI\u00d3N PATRIMONIAL DE LA<br \/>\nPROVINCIA DE SAN LUIS. CONSIDERACIONES SOBRE CUESTIONES VINCULADAS<br \/>\nCON LA IDENTIDAD, LA PARTICIPACI\u00d3N Y LA SUSTENTABILIDAD SOCIO-CULTURAL &#8211; Comechingonia- SCIELO Argentina<br \/>\n<strong>\u2022 Pati\u00f1o Zuluaga E.<\/strong> \u2013 (2012) &#8211; ESTRATEGIAS METODOL\u00d3GICAS PARA SU<br \/>\nVALORACI\u00d3N E INTERVENCI\u00d3N &#8211; Apuntes: Revista de Estudios sobre Patrimonio<br \/>\nCultural &#8211; Journal of Cultural Heritage Studies Print version ISSN 1657-9763<br \/>\n<strong>\u2022 Lleida M.<\/strong> &#8211; (2009) EL PATRIMONIO ARQUITECT\u00d3NICO, UNA FUENTE PARA LA<br \/>\nENSE\u00d1ANZA DE LA HISTORIA Y LAS CIENCIAS SOCIALES\u00bb &#8211; Iber: Did\u00e1ctica de las<br \/>\nciencias sociales, geograf\u00eda e historia. &#8211; ISSN 1133-9810,<\/p>\n<p><strong>\u2022 Evans J. \u2013 (2010)<\/strong> &#8211; SUSTENTABILIDAD EN ARQUITECTURA CPAU (Consejo<br \/>\nProfesional De Arquitectura Y Urbanismo) Buenos Aires<br \/>\n<strong>\u2022 Valenzuela P.<\/strong> &#8211; (2013) LA CONSERVACI\u00d3N DEL PATRIMONIO ARQUITECT\u00d3NICO<br \/>\nINDUSTRIAL: una oportunidad para la reconversi\u00f3n y revitalizaci\u00f3n en la ciudad &#8211;<br \/>\nNOTAS PARA LA REFLEXI\u00d3N<br \/>\n<strong>\u2022 Molina Torres M P \u2013 Ortiz Urbano R.<\/strong> \u2013 (2021) &#8211; EDUCACI\u00d3N SOSTENIBLE Y<br \/>\nCONSERVACI\u00d3N DEL PATRIMONIO CULTURAL EN LA FORMACI\u00d3N DEL<br \/>\nPROFESORADO UNIVERSITARIO Formaci\u00f3n universitaria versi\u00f3n On-line<br \/>\nISSN 0718-5006<br \/>\n<strong>\u2022 Laguardia, A.; Yany, L.; S\u00e1nchez Serra, R.; Jim\u00e9nez S\u00e1nchez, L.; Hern\u00e1ndez<\/strong><br \/>\n<strong>Barrenechea, A.<\/strong> &#8211; (2019) &#8211; PATRIMONIO Y CIENCIAS: UN CAMINO PARA LA<br \/>\nEDUCACI\u00d3N DEL SIGLO XXI &#8211; Atenas: revista cient\u00edfico pedag\u00f3gica, ISSN-e 1682<br \/>\n2749, Vol. 1, 1 45,<br \/>\n<strong>\u2022 Ledesma, R. E.<\/strong> &#8211; (2014) &#8211; LA CONSERVACI\u00d3N DEL PATRIMONIO. RELACI\u00d3N ENTRE<br \/>\nINVESTIGACI\u00d3N, DOCENCIA Y EXTENSI\u00d3N UNIVERSITARIA EN LA LOCALIDAD DE<br \/>\nCAFAYATE \u2013 Art\u00edculo publicado Revista: Etnicex ISSN: 2172-7635 &#8211; Ed. Asociaci\u00f3n<br \/>\nProfesional Extreme\u00f1a de Antropolog\u00eda<br \/>\n<strong>\u2022 Garr\u00e9, F.<\/strong> &#8211; (2001) &#8211; CONSERVA. N\u00ba 5. Rosario, Argentina<br \/>\n<strong>\u2022 Gnemmi H.<\/strong> (1997) &#8211; PUNTOS DE VISTA SOBRE LA CONSERVACI\u00d3N DEL<br \/>\nPATRIMONIO ARQUITECT\u00d3NICO Y URBANO \u2013Ediciones UDECOR SRL &#8211; C\u00f3rdoba \u2013<br \/>\nArgentina.<br \/>\n<strong>\u2022 Ziegler D. M.M.<\/strong> &#8211; (2022) &#8211; El Patrimonio Cultural, Los Valores Hist\u00f3rico-Culturales<br \/>\nY La Ense\u00f1anza \u2013 ISSN-e: 2244-8276.<br \/>\n<strong>\u2022 MARCO NORMATIVO DE LA GESTI\u00d3N DEL PATRIMONIO &#8211; BUENOS AIRES CIUDAD.<\/strong><br \/>\nEste documento presenta varias leyes, incluyendo la Ley N\u00ba 2548\/07 &#8211; Promoci\u00f3n<br \/>\nEspecial de Protecci\u00f3n Patrimonial y la Ley N\u00ba 2264\/06 &#8211; R\u00e9gimen de Promoci\u00f3n<br \/>\nCultural de la Ciudad (MECENAZGO)<br \/>\n<strong>\u2022 PATRIMONIO CULTURAL, ARQUEOL\u00d3GICO Y PALEONTOL\u00d3GICO<\/strong> &#8211; Argentina.gob.ar.<br \/>\nEste documento presenta las leyes de protecci\u00f3n del patrimonio cultural,<br \/>\narqueol\u00f3gico y paleontol\u00f3gico.<br \/>\n<strong>\u2022 Cafferatta NA<\/strong> &#8211; (2003) &#8211; LEY 25.675 GENERAL DEL AMBIENTE. Comentada,<br \/>\ninterpretada y concordada &#8211; Antecedentes Parlamentarios, derecho.aulavirtual.unc.edu.ar<br \/>\n<strong>\u2022 \u00abPRINCIPALES LEYES AMBIENTALES ARGENTINAS\u00bb<\/strong>. Ley 22.351, de Parques,<br \/>\nReservas Nacionales y Monumentos Naturales; la Ley 25.743, de Protecci\u00f3n y Tutela<br \/>\ndel Patrimonio Arqueol\u00f3gico y Paleontol\u00f3gico; y la Ley 27.037, Sistema Nacional de<br \/>\n\u00c1reas Marinas Protegidas.<br \/>\n<strong>\u2022 Molina M.S<\/strong> &#8211; (2017) &#8211; La LEGISLACI\u00d3N ARGENTINA PARA LA PROTECCI\u00d3N DEL<br \/>\nPATRIMONIO CULTURAL SANCIONADA EN EL MARCO DE ART\u00cdCULO 41 DE LA<br \/>\nCONSTITUCI\u00d3N NACIONAL \u2013 Repositorio Institucional UCA.<br \/>\n<strong>\u2022 \u201cMARCO NORMATIVO DE LA GESTI\u00d3N DEL PATRIMONIO &#8211; BUENOS AIRES CIUDAD\u00bb<\/strong><br \/>\nConstituci\u00f3n de la de la Ciudad Aut\u00f3noma de Buenos Aires &#8211; Art\u00edculo 32<br \/>\n<strong>\u2022 \u00abPROYECTO DE LEY\u201d<\/strong> Ley Integral de Protecci\u00f3n del Patrimonio cultural<br \/>\narquitect\u00f3nico de la Rep\u00fablica Argentina<br \/>\n<strong>\u2022 \u00abMARCO LEGAL\u201d<\/strong> &#8211; GOBIERNO DE LA CIUDAD AUT\u00d3NOMA DE BUENOS AIRES<\/p>\n<p>&nbsp;<\/p>\n<p><b>LECTURAS SUGERIDAS<\/b><\/p>\n<ul>\n<li>ICOMOS. (1931). <strong>Carta de Atenas<\/strong>.\u00a0<a href=\"https:\/\/www.enpocaspalabras.com.ar\/conservacion\/carta-de-atenas-1931-resumen\/?form=MG0AV3\">https:\/\/www.enpocaspalabras.com.ar\/conservacion\/carta-de-atenas-1931-resumen\/?form=MG0AV3<\/a><\/li>\n<li>UNESCO. (1954). <strong>Convenci\u00f3n de La Haya para la protecci\u00f3n de bienes culturales en caso de conflicto armado.\u00a0<\/strong><a href=\"https:\/\/www.unesco.org\/es\/legal-affairs\/convention-protection-cultural-property-event-armed-conflict-regulations-execution-convention\">https:\/\/www.unesco.org\/es\/legal-affairs\/convention-protection-cultural-property-event-armed-conflict-regulations-execution-convention<\/a><\/li>\n<li>ICOMOS. (1964). <strong>Carta de Venecia<\/strong>.\u00a0<a href=\"https:\/\/es.scribd.com\/document\/637693372\/Carta-de-Venecia-1964?form=MG0AV3\">https:\/\/es.scribd.com\/document\/637693372\/Carta-de-Venecia-1964?form=MG0AV3<\/a><\/li>\n<li>UNESCO. (1967). <strong>Normas de Quito para la conservaci\u00f3n de los bienes culturales en situaciones de emergencia<\/strong>.\u00a0<a href=\"https:\/\/es.scribd.com\/search?query=normas%20de%20quito\">https:\/\/es.scribd.com\/search?query=normas%20de%20quito<\/a><\/li>\n<li>UNESCO. (1972). <strong>Convenci\u00f3n sobre la protecci\u00f3n del patrimonio mundial, cultural y natural<\/strong>.\u00a0<a href=\"https:\/\/www.unesco.org\/es\/legal-affairs\/convention-protection-cultural-property-event-armed-conflict-regulations-execution-convention\">https:\/\/www.unesco.org\/es\/legal-affairs\/convention-protection-cultural-property-event-armed-conflict-regulations-execution-convention<\/a><\/li>\n<li>UNESCO. (1976). <strong>Carta de M\u00e9xico sobre la defensa del patrimonio cultural<\/strong>.\u00a0<a href=\"https:\/\/es.scribd.com\/document\/64773637\/Mexico-1976\">http:\/\/Carta de M\u00e9xico sobre la defensa del patrimonio cultural.<\/a><\/li>\n<li>OEA. (1976). <strong>Convenci\u00f3n de San Salvador para la protecci\u00f3n del patrimonio arqueol\u00f3gico, hist\u00f3rico y art\u00edstico de las Naciones Americanas<\/strong>.\u00a0<a href=\"https:\/\/www.unesco.org\/en\/cultnatlaws\/convencion-de-san-salvador-convencion-de-la-oea-sobre-defensa-del-patrimonio-arqueologico-historico\">https:\/\/www.unesco.org\/en\/cultnatlaws\/convencion-de-san-salvador-convencion-de-la-oea-sobre-defensa-del-patrimonio-arqueologico-historico<\/a><\/li>\n<li>ICOMOS. (1981). <strong>Carta de Florencia sobre la conservaci\u00f3n de jardines hist\u00f3ricos<\/strong>.\u00a0<a href=\"https:\/\/www.icomos.org\/images\/DOCUMENTS\/Charters\/gardens_sp.pdf\">https:\/\/www.icomos.org\/images\/DOCUMENTS\/Charters\/gardens_sp.pdf<\/a><\/li>\n<li>ICOMOS. (1987). <strong>Carta de Washington sobre la conservaci\u00f3n de ciudades hist\u00f3ricas y \u00e1reas urbanas hist\u00f3ricas<\/strong>.\u00a0<a href=\"http:\/\/mec-edupaz.unam.mx\/index.php\/mecedupaz\/article\/view\/41924\/38053\">https:\/\/www.icomos.org\/images\/DOCUMENTS\/Charters\/towns_sp.pdf<\/a><\/li>\n<li>ICOMOS. (1987). <strong>Carta de la Conservaci\u00f3n y Restauraci\u00f3n de los objetos de arte y cultura<\/strong>.\u00a0<a href=\"https:\/\/legislaciondelpatrimoniocr2017.blogspot.com\/2017\/05\/carta-de-1987-de-la-conservacion-y.html\">https:\/\/legislaciondelpatrimoniocr2017.blogspot.com\/2017\/05\/carta-de-1987-de-la-conservacion-y.html<\/a><\/li>\n<li>ICOMOS. (1979). <strong><strong>Carta de Burra<\/strong><\/strong><strong id=\"yui_3_17_2_1_1738099871670_30\"> del ICOMOS de Australia para los Lugares de Importancia Cultural.\u00a0<\/strong><a href=\"https:\/\/rethink-heritage.eu\/mod\/page\/view.php?id=2361\">https:\/\/rethink-heritage.eu\/mod\/page\/view.php?id=2361<\/a><\/li>\n<li><strong>Carreres Rodr\u00edguez M. <\/strong>(2020, septiembre 9). Cartas internacionales de patrimonio cultural. <a href=\"https:\/\/culturapedia.com\/2020\/09\/30\/cartas-internacionales-patrimonio-cultural\/\">https:\/\/www.culturapedia.com\/2020\/09\/30\/cartas-internacionales-patrimonio-cultural\/<\/a><\/li>\n<li>\n<div class=\"nombre\"><strong>\u00c1lvarez A.<\/strong> (2013, marzo 18). El arquitecto Carlos Arroyo transforma una f\u00e1brica de Coca-Cola en un campus de servicios p\u00fablicos en B\u00e9lgica.\u00a0<a href=\"https:\/\/diariodesign.com\/2013\/03\/el-arquitecto-carlos-arroyo-transforma-una-fabrica-de-coca-cola-en-un-campus-de-servicios-publicos-en-belgica\/#:~:text=Proyectos-,El%20arquitecto%20Carlos%20Arroyo%20transforma%20una%20f%C3%A1brica%20de%20Coca%2DCola,la%20localidad%20belga%20de%20Oostkamp.\">https:\/\/diariodesign.com\/2013\/03\/el-arquitecto-carlos-arroyo-transforma-una-fabrica-de-coca-cola-en-un-campus-de-servicios-publicos-en-belgica\/#:~:text=Proyectos-,El%20arquitecto%20Carlos%20Arroyo%20transforma%20una%20f%C3%A1brica%20de%20Coca%2DCola,la%20localidad%20belga%20de%20Oostkamp.<\/a><\/div>\n<\/li>\n<\/ul>\n<p>&nbsp;<\/p>\n<p><b>SITIOS SUGERIDOS<\/b><\/p>\n<ul>\n<li><strong>Noticias y relatos<\/strong>\u00a0<a href=\"https:\/\/www.unesco.org\/es\/node\/1024\">https:\/\/www.unesco.org\/es\/node\/10247<\/a><\/li>\n<li><strong>Todopatrimonio<\/strong>\u00a0<a href=\"https:\/\/todopatrimonio.com\/revistas\/\">https:\/\/todopatrimonio.com\/revistas\/<\/a><\/li>\n<li><b>Patrimonio y sostenibilidad <\/b><a href=\"https:\/\/patrimonioysostenibilidad.com\/\">https:\/\/patrimonioysostenibilidad.com\/<\/a><\/li>\n<\/ul>\n<p>&nbsp;<\/p>\n<p><b>VIDEOS SUGERIDOS<\/b><\/p>\n<ul>\n<li style=\"list-style-type: none;\">\n<ul>\n<li><strong>Objetivo Family. <\/strong>(2022, noviembre 15). Beti Jai. La capilla Sixtina de la pelota<b>. <\/b><a href=\"https:\/\/youtu.be\/IsQO_R4OLEs\">https:\/\/youtu.be\/IsQO_R4OLEs<\/a><\/li>\n<li><strong>Marcos Canas<\/strong>. (2023, marzo 5). Mi casa lleg\u00f3 volando.\u00a0<a href=\"https:\/\/youtu.be\/IXTI6-XuKzU\">https:\/\/youtu.be\/IXTI6-XuKzU<\/a><\/li>\n<li><strong>scob<\/strong>. (2023, febrero 10). Landskating.\u00a0<a href=\"https:\/\/vimeo.com\/539085429\">https:\/\/vimeo.com\/539085429<\/a><\/li>\n<li><strong>Left Hand Rotation<\/strong>. (2023, enero 15). Terramotourism.\u00a0<a href=\"https:\/\/vimeo.com\/192243662\">https:\/\/vimeo.com\/192243662<\/a><\/li>\n<li><strong>Espectacle media<\/strong>. (2024, enero 15). Battersea Power Station: Selling an Icon.\u00a0<a href=\"https:\/\/youtu.be\/IbHYxfKWZFY\">https:\/\/youtu.be\/IbHYxfKWZFY<\/a><\/li>\n<li><strong>Canal Colexio de Arquitectos <\/strong>(2024, abril 5).Rehabilitaci\u00f3n de edificio para 2 viviendas.\u00a0<a href=\"https:\/\/www.youtube.com\/watch?v=OhJ5uTVLLjU\">https:\/\/www.youtube.com\/watch?v=OhJ5uTVLLjU<\/a><\/li>\n<li><strong><strong>Everardo Rangel V. <\/strong><\/strong>Reuso de edificios patrimonio.\u00a0<a href=\"https:\/\/www.youtube.com\/watch?v=utYJKOVKkL4\">https:\/\/www.youtube.com\/watch?v=utYJKOVKkL4<\/a><\/li>\n<li><strong>Mario Ketlun<\/strong> Edificio Kavanagh &#8211; Buenos Aires. Patrimonio Cultural. https:\/\/www.instagram.com\/reel\/DGBAQObsYx2\/?igsh=aXNpZ2V6cTZqZWJo<\/li>\n<li><strong>UNESCO<\/strong>, Acuerdos para la protecci\u00f3n del patrimonio mundial. (2023, enero 5). <em>La conexi\u00f3n cultural en M\u00e9xico<\/em> [Video]. YouTube.\u00a0<a href=\"https:\/\/www.youtube.com\/watch?v=Wdx6v5XtOHU\">https:\/\/www.youtube.com\/watch?v=Wdx6v5XtOHU<\/a><\/li>\n<li>\n<div class=\"x6s0dn4 x78zum5 x1q0g3np xs83m0k xeuugli x1n2onr6 xxz05av xkfe5hh\">\n<div class=\"x9f619 xjbqb8w x78zum5 x168nmei x13lgxp2 x5pf9jr xo71vjh x1n2onr6 x1plvlek xryxfnj x1c4vz4f x2lah0s x1q0g3np xqjyukv x1qjc9v5 x1oa3qoh x1nhvcw1\">\n<div class=\"x9f619 xjbqb8w x78zum5 x168nmei x13lgxp2 x5pf9jr xo71vjh x1n2onr6 x1plvlek xryxfnj x1c4vz4f x2lah0s x1q0g3np xqjyukv x1qjc9v5 x1oa3qoh x1nhvcw1\"><strong><span class=\"x1lliihq x1plvlek xryxfnj x1n2onr6 x1ji0vk5 x18bv5gf x193iq5w xeuugli x1fj9vlw x13faqbe x1vvkbs x1s928wv xhkezso x1gmr53x x1cpjm7i x1fgarty x1943h6x x1i0vuye xvs91rp x1s688f x5n08af x10wh9bi x1wdrske x8viiok x18hxmgj\" dir=\"auto\">Jordi Mart\u00ed <\/span><\/strong><span class=\"x1lliihq x1plvlek xryxfnj x1n2onr6 x1ji0vk5 x18bv5gf x193iq5w xeuugli x1fj9vlw x13faqbe x1vvkbs x1s928wv xhkezso x1gmr53x x1cpjm7i x1fgarty x1943h6x x1i0vuye xvs91rp x1s688f x5n08af x10wh9bi x1wdrske x8viiok x18hxmgj\" dir=\"auto\">Palau de la M\u00fasica Catalana &#8211; Barcelona &#8211; Espa\u00f1a <\/span><a href=\"https:\/\/www.instagram.com\/reel\/DFvCEVIqBdV\/?utm_source=ig_web_button_share_sheet\">https:\/\/www.instagram.com\/reel\/DFvCEVIqBdV\/?utm_source=ig_web_button_share_sheet<\/a><\/div>\n<\/div>\n<\/div>\n<\/li>\n<\/ul>\n<\/li>\n<\/ul>\n<p>&nbsp;<\/p>\n","protected":false},"excerpt":{"rendered":"<p>\u00abAl recordar y valorar el pasado, encontramos las semillas para un futuro m\u00e1s consciente y humano. Ampliar nuestros conocimientos sobre el patrimonio y el ambiente nos permite dise\u00f1ar con el coraz\u00f3n y la mente, construyendo un legado duradero y responsable.\u00bb &nbsp; BIBLIOGRAF\u00cdA GENERAL Y ESPEC\u00cdFICA \u2022 L\u00e1zaro Feo AL \u2013 Cadernos de Dereito Actual, (2022). [&hellip;]<\/p>\n","protected":false},"author":3,"featured_media":0,"parent":0,"menu_order":0,"comment_status":"closed","ping_status":"closed","template":"","meta":{"_mc_calendar":[],"footnotes":""},"class_list":["post-49","page","type-page","status-publish","hentry"],"_links":{"self":[{"href":"https:\/\/patrimonioyambiente.faud.unsj.edu.ar\/index.php?rest_route=\/wp\/v2\/pages\/49","targetHints":{"allow":["GET"]}}],"collection":[{"href":"https:\/\/patrimonioyambiente.faud.unsj.edu.ar\/index.php?rest_route=\/wp\/v2\/pages"}],"about":[{"href":"https:\/\/patrimonioyambiente.faud.unsj.edu.ar\/index.php?rest_route=\/wp\/v2\/types\/page"}],"author":[{"embeddable":true,"href":"https:\/\/patrimonioyambiente.faud.unsj.edu.ar\/index.php?rest_route=\/wp\/v2\/users\/3"}],"replies":[{"embeddable":true,"href":"https:\/\/patrimonioyambiente.faud.unsj.edu.ar\/index.php?rest_route=%2Fwp%2Fv2%2Fcomments&post=49"}],"version-history":[{"count":148,"href":"https:\/\/patrimonioyambiente.faud.unsj.edu.ar\/index.php?rest_route=\/wp\/v2\/pages\/49\/revisions"}],"predecessor-version":[{"id":1417,"href":"https:\/\/patrimonioyambiente.faud.unsj.edu.ar\/index.php?rest_route=\/wp\/v2\/pages\/49\/revisions\/1417"}],"wp:attachment":[{"href":"https:\/\/patrimonioyambiente.faud.unsj.edu.ar\/index.php?rest_route=%2Fwp%2Fv2%2Fmedia&parent=49"}],"curies":[{"name":"wp","href":"https:\/\/api.w.org\/{rel}","templated":true}]}}