{"id":69,"date":"2018-09-07T20:24:43","date_gmt":"2018-09-07T23:24:43","guid":{"rendered":"https:\/\/patrimonioyambiente.faud.unsj.edu.ar\/?page_id=69"},"modified":"2025-01-27T02:02:28","modified_gmt":"2025-01-27T05:02:28","slug":"unidad-3-2","status":"publish","type":"page","link":"https:\/\/patrimonioyambiente.faud.unsj.edu.ar\/?page_id=69","title":{"rendered":"Unidad de aprendizaje N\u00ba2"},"content":{"rendered":"<p><strong> <img fetchpriority=\"high\" decoding=\"async\" class=\"wp-image-1212 aligncenter\" src=\"https:\/\/patrimonioyambiente.faud.unsj.edu.ar\/wp-content\/uploads\/2025\/01\/CENTRO-HISTORICO-CULTURAL-DE-QUITO-300x190.jpg\" alt=\"\" width=\"533\" height=\"337\" srcset=\"https:\/\/patrimonioyambiente.faud.unsj.edu.ar\/wp-content\/uploads\/2025\/01\/CENTRO-HISTORICO-CULTURAL-DE-QUITO-300x190.jpg 300w, https:\/\/patrimonioyambiente.faud.unsj.edu.ar\/wp-content\/uploads\/2025\/01\/CENTRO-HISTORICO-CULTURAL-DE-QUITO-1024x648.jpg 1024w, https:\/\/patrimonioyambiente.faud.unsj.edu.ar\/wp-content\/uploads\/2025\/01\/CENTRO-HISTORICO-CULTURAL-DE-QUITO-768x486.jpg 768w, https:\/\/patrimonioyambiente.faud.unsj.edu.ar\/wp-content\/uploads\/2025\/01\/CENTRO-HISTORICO-CULTURAL-DE-QUITO-1536x972.jpg 1536w, https:\/\/patrimonioyambiente.faud.unsj.edu.ar\/wp-content\/uploads\/2025\/01\/CENTRO-HISTORICO-CULTURAL-DE-QUITO-2048x1296.jpg 2048w, https:\/\/patrimonioyambiente.faud.unsj.edu.ar\/wp-content\/uploads\/2025\/01\/CENTRO-HISTORICO-CULTURAL-DE-QUITO-1x1.jpg 1w\" sizes=\"(max-width: 533px) 100vw, 533px\" \/><\/strong><\/p>\n<h4><strong>\u00a0 \u00a0 \u00a0 \u00a0 \u00a0 \u00a0 \u00a0 \u00a0 \u00a0 \u00a0 \u00a0 \u00a0 \u00a0 \u00a0 \u00a0 \u00a0 \u00a0 \u00a0 \u00a0 \u00a0 \u00a0 \u00a0 \u00a0 \u00a0 \u00a0 \u00a0 \u00a0 \u00a0<span style=\"color: #808080;\">Centro Hist\u00f3rico de Quito &#8211; Ecuador<\/span><\/strong><\/h4>\n<p><span style=\"color: #333333;\"><strong>\u00ab\u00c9TICA Y NORMATIVAS INTERNACIONALES EN LA CONSERVACI\u00d3N DEL PATRIMONIO\u00bb<\/strong><\/span><\/p>\n<p>La responsabilidad profesional de arquitectos, dise\u00f1adores industriales y gr\u00e1ficos en la preservaci\u00f3n de valores culturales y est\u00e9ticos es clave. En un contexto global, las normativas internacionales facilitan la colaboraci\u00f3n en proyectos de conservaci\u00f3n, respetando particularidades culturales y legales.<\/p>\n<p>La sostenibilidad y conservaci\u00f3n abarcan tanto lo tangible como lo intangible, promoviendo pr\u00e1cticas que aseguren la preservaci\u00f3n para futuras generaciones. La innovaci\u00f3n y tecnolog\u00eda moderna ofrecen herramientas para la conservaci\u00f3n, y la \u00e9tica asegura su uso responsable, respetando valores hist\u00f3ricos.<\/p>\n<p>Finalmente, el valor cultural y educativo del patrimonio fomenta el respeto, la valorizaci\u00f3n y el compromiso de preservarlo. Estos puntos preparan a los estudiantes para enfrentar desaf\u00edos profesionales con un enfoque \u00e9tico y responsable, acorde con las normativas internacionales.<\/p>\n<ul>\n<li>CARTAS INTERNACIONALES<\/li>\n<li>CODIGO DE \u00c9TICA<\/li>\n<\/ul>\n<p style=\"text-align: center;\"><span style=\"color: #ff6600;\"><strong>Agradecemos tu comentario indicando nombre y apellido.<\/strong><\/span><\/p>\n","protected":false},"excerpt":{"rendered":"<p>\u00a0 \u00a0 \u00a0 \u00a0 \u00a0 \u00a0 \u00a0 \u00a0 \u00a0 \u00a0 \u00a0 \u00a0 \u00a0 \u00a0 \u00a0 \u00a0 \u00a0 \u00a0 \u00a0 \u00a0 \u00a0 \u00a0 \u00a0 \u00a0 \u00a0 \u00a0 \u00a0 \u00a0Centro Hist\u00f3rico de Quito &#8211; Ecuador \u00ab\u00c9TICA Y NORMATIVAS INTERNACIONALES EN LA CONSERVACI\u00d3N DEL PATRIMONIO\u00bb La responsabilidad profesional de arquitectos, dise\u00f1adores industriales y gr\u00e1ficos en la preservaci\u00f3n de [&hellip;]<\/p>\n","protected":false},"author":3,"featured_media":0,"parent":42,"menu_order":0,"comment_status":"open","ping_status":"closed","template":"","meta":{"_mc_calendar":[],"footnotes":""},"class_list":["post-69","page","type-page","status-publish","hentry"],"_links":{"self":[{"href":"https:\/\/patrimonioyambiente.faud.unsj.edu.ar\/index.php?rest_route=\/wp\/v2\/pages\/69","targetHints":{"allow":["GET"]}}],"collection":[{"href":"https:\/\/patrimonioyambiente.faud.unsj.edu.ar\/index.php?rest_route=\/wp\/v2\/pages"}],"about":[{"href":"https:\/\/patrimonioyambiente.faud.unsj.edu.ar\/index.php?rest_route=\/wp\/v2\/types\/page"}],"author":[{"embeddable":true,"href":"https:\/\/patrimonioyambiente.faud.unsj.edu.ar\/index.php?rest_route=\/wp\/v2\/users\/3"}],"replies":[{"embeddable":true,"href":"https:\/\/patrimonioyambiente.faud.unsj.edu.ar\/index.php?rest_route=%2Fwp%2Fv2%2Fcomments&post=69"}],"version-history":[{"count":49,"href":"https:\/\/patrimonioyambiente.faud.unsj.edu.ar\/index.php?rest_route=\/wp\/v2\/pages\/69\/revisions"}],"predecessor-version":[{"id":1243,"href":"https:\/\/patrimonioyambiente.faud.unsj.edu.ar\/index.php?rest_route=\/wp\/v2\/pages\/69\/revisions\/1243"}],"up":[{"embeddable":true,"href":"https:\/\/patrimonioyambiente.faud.unsj.edu.ar\/index.php?rest_route=\/wp\/v2\/pages\/42"}],"wp:attachment":[{"href":"https:\/\/patrimonioyambiente.faud.unsj.edu.ar\/index.php?rest_route=%2Fwp%2Fv2%2Fmedia&parent=69"}],"curies":[{"name":"wp","href":"https:\/\/api.w.org\/{rel}","templated":true}]}}