{"id":707,"date":"2020-08-25T20:43:54","date_gmt":"2020-08-25T23:43:54","guid":{"rendered":"https:\/\/patrimonioyambiente.faud.unsj.edu.ar\/?page_id=707"},"modified":"2025-01-27T02:00:07","modified_gmt":"2025-01-27T05:00:07","slug":"unidad-7","status":"publish","type":"page","link":"https:\/\/patrimonioyambiente.faud.unsj.edu.ar\/?page_id=707","title":{"rendered":"Unidad de aprendizaje N\u00ba6"},"content":{"rendered":"<h3><strong><span style=\"color: #ff0000;\"><img fetchpriority=\"high\" decoding=\"async\" class=\"wp-image-1233 aligncenter\" src=\"https:\/\/patrimonioyambiente.faud.unsj.edu.ar\/wp-content\/uploads\/2025\/01\/CENTRO-HISTORICO-DE-CARTAGENA-DE-INDIAS-300x175.webp\" alt=\"\" width=\"513\" height=\"299\" srcset=\"https:\/\/patrimonioyambiente.faud.unsj.edu.ar\/wp-content\/uploads\/2025\/01\/CENTRO-HISTORICO-DE-CARTAGENA-DE-INDIAS-300x175.webp 300w, https:\/\/patrimonioyambiente.faud.unsj.edu.ar\/wp-content\/uploads\/2025\/01\/CENTRO-HISTORICO-DE-CARTAGENA-DE-INDIAS-1024x597.webp 1024w, https:\/\/patrimonioyambiente.faud.unsj.edu.ar\/wp-content\/uploads\/2025\/01\/CENTRO-HISTORICO-DE-CARTAGENA-DE-INDIAS-768x448.webp 768w, https:\/\/patrimonioyambiente.faud.unsj.edu.ar\/wp-content\/uploads\/2025\/01\/CENTRO-HISTORICO-DE-CARTAGENA-DE-INDIAS-1536x896.webp 1536w, https:\/\/patrimonioyambiente.faud.unsj.edu.ar\/wp-content\/uploads\/2025\/01\/CENTRO-HISTORICO-DE-CARTAGENA-DE-INDIAS-1x1.webp 1w, https:\/\/patrimonioyambiente.faud.unsj.edu.ar\/wp-content\/uploads\/2025\/01\/CENTRO-HISTORICO-DE-CARTAGENA-DE-INDIAS.webp 1900w\" sizes=\"(max-width: 513px) 100vw, 513px\" \/><\/span><\/strong><\/h3>\n<h4>\u00a0 \u00a0 \u00a0 \u00a0 \u00a0 \u00a0 \u00a0 \u00a0 \u00a0 \u00a0 \u00a0 \u00a0 \u00a0 \u00a0 \u00a0 <span style=\"color: #808080;\">\u00a0 Centro hist\u00f3rico de Cartagena de Indias &#8211; Colombia<\/span><\/h4>\n<p><strong>\u00abCONSERVACI\u00d3N DEL PATRIMONIO: MODELOS, GESTI\u00d3N E INTERVENCIONES COMPROMETIDAS\u00bb<\/strong><\/p>\n<p>En Arquitectura, ense\u00f1ar a los estudiantes a combinar t\u00e9cnicas tradicionales y modernas les permite conservar y revitalizar estructuras hist\u00f3ricas de manera innovadora. Tambi\u00e9n es fundamental integrar pr\u00e1cticas sostenibles en la conservaci\u00f3n del patrimonio arquitect\u00f3nico para garantizar el respeto por el legado cultural y el medio ambiente.<\/p>\n<p>En Dise\u00f1o Industrial, se promueve la creaci\u00f3n de productos que sean respetuosos con el patrimonio cultural y el entorno natural. Adem\u00e1s, el conocimiento y la aplicaci\u00f3n de t\u00e9cnicas tradicionales de manufactura permiten a los estudiantes fusionar la innovaci\u00f3n con la artesan\u00eda en sus dise\u00f1os.<\/p>\n<p>En el caso del Dise\u00f1o Gr\u00e1fico, la preservaci\u00f3n digital del patrimonio es esencial. La digitalizaci\u00f3n y conservaci\u00f3n de elementos culturales garantizan su accesibilidad para futuras generaciones. Asimismo, los dise\u00f1adores gr\u00e1ficos pueden utilizar medios visuales para sensibilizar y educar a la sociedad sobre la importancia de conservar el patrimonio cultural.<\/p>\n<ul>\n<li>CONSERVACION. MODELOS Y POSIBILIDADES<\/li>\n<li>GESTI\u00d3N P\u00daBLICA Y GESTI\u00d3N PRIVADA<\/li>\n<li>INTERVENCIONES \u2013 POSTURA ACCI\u00d3N Y COMPROMISO<\/li>\n<\/ul>\n<p style=\"text-align: center;\"><span style=\"color: #ff6600;\"><strong>Agradecemos tu comentario indicando nombre y apellido.<\/strong><\/span><\/p>\n","protected":false},"excerpt":{"rendered":"<p>\u00a0 \u00a0 \u00a0 \u00a0 \u00a0 \u00a0 \u00a0 \u00a0 \u00a0 \u00a0 \u00a0 \u00a0 \u00a0 \u00a0 \u00a0 \u00a0 Centro hist\u00f3rico de Cartagena de Indias &#8211; Colombia \u00abCONSERVACI\u00d3N DEL PATRIMONIO: MODELOS, GESTI\u00d3N E INTERVENCIONES COMPROMETIDAS\u00bb En Arquitectura, ense\u00f1ar a los estudiantes a combinar t\u00e9cnicas tradicionales y modernas les permite conservar y revitalizar estructuras hist\u00f3ricas de manera innovadora. Tambi\u00e9n [&hellip;]<\/p>\n","protected":false},"author":3,"featured_media":0,"parent":42,"menu_order":0,"comment_status":"open","ping_status":"closed","template":"","meta":{"_mc_calendar":[],"footnotes":""},"class_list":["post-707","page","type-page","status-publish","hentry"],"_links":{"self":[{"href":"https:\/\/patrimonioyambiente.faud.unsj.edu.ar\/index.php?rest_route=\/wp\/v2\/pages\/707","targetHints":{"allow":["GET"]}}],"collection":[{"href":"https:\/\/patrimonioyambiente.faud.unsj.edu.ar\/index.php?rest_route=\/wp\/v2\/pages"}],"about":[{"href":"https:\/\/patrimonioyambiente.faud.unsj.edu.ar\/index.php?rest_route=\/wp\/v2\/types\/page"}],"author":[{"embeddable":true,"href":"https:\/\/patrimonioyambiente.faud.unsj.edu.ar\/index.php?rest_route=\/wp\/v2\/users\/3"}],"replies":[{"embeddable":true,"href":"https:\/\/patrimonioyambiente.faud.unsj.edu.ar\/index.php?rest_route=%2Fwp%2Fv2%2Fcomments&post=707"}],"version-history":[{"count":47,"href":"https:\/\/patrimonioyambiente.faud.unsj.edu.ar\/index.php?rest_route=\/wp\/v2\/pages\/707\/revisions"}],"predecessor-version":[{"id":1238,"href":"https:\/\/patrimonioyambiente.faud.unsj.edu.ar\/index.php?rest_route=\/wp\/v2\/pages\/707\/revisions\/1238"}],"up":[{"embeddable":true,"href":"https:\/\/patrimonioyambiente.faud.unsj.edu.ar\/index.php?rest_route=\/wp\/v2\/pages\/42"}],"wp:attachment":[{"href":"https:\/\/patrimonioyambiente.faud.unsj.edu.ar\/index.php?rest_route=%2Fwp%2Fv2%2Fmedia&parent=707"}],"curies":[{"name":"wp","href":"https:\/\/api.w.org\/{rel}","templated":true}]}}