{"id":78,"date":"2018-09-07T20:25:52","date_gmt":"2018-09-07T23:25:52","guid":{"rendered":"https:\/\/patrimonioyambiente.faud.unsj.edu.ar\/?page_id=78"},"modified":"2025-02-19T16:52:37","modified_gmt":"2025-02-19T19:52:37","slug":"unidad-6","status":"publish","type":"page","link":"https:\/\/patrimonioyambiente.faud.unsj.edu.ar\/?page_id=78","title":{"rendered":"Unidad de aprendizaje N\u00ba5"},"content":{"rendered":"<h4><img fetchpriority=\"high\" decoding=\"async\" class=\"wp-image-1229 aligncenter\" src=\"https:\/\/patrimonioyambiente.faud.unsj.edu.ar\/wp-content\/uploads\/2025\/01\/CASCO-HISTORICO-DE-AVILA-ESPANA-300x169.jpeg\" alt=\"\" width=\"549\" height=\"309\" srcset=\"https:\/\/patrimonioyambiente.faud.unsj.edu.ar\/wp-content\/uploads\/2025\/01\/CASCO-HISTORICO-DE-AVILA-ESPANA-300x169.jpeg 300w, https:\/\/patrimonioyambiente.faud.unsj.edu.ar\/wp-content\/uploads\/2025\/01\/CASCO-HISTORICO-DE-AVILA-ESPANA-1024x576.jpeg 1024w, https:\/\/patrimonioyambiente.faud.unsj.edu.ar\/wp-content\/uploads\/2025\/01\/CASCO-HISTORICO-DE-AVILA-ESPANA-768x432.jpeg 768w, https:\/\/patrimonioyambiente.faud.unsj.edu.ar\/wp-content\/uploads\/2025\/01\/CASCO-HISTORICO-DE-AVILA-ESPANA-1536x864.jpeg 1536w, https:\/\/patrimonioyambiente.faud.unsj.edu.ar\/wp-content\/uploads\/2025\/01\/CASCO-HISTORICO-DE-AVILA-ESPANA-1x1.jpeg 1w, https:\/\/patrimonioyambiente.faud.unsj.edu.ar\/wp-content\/uploads\/2025\/01\/CASCO-HISTORICO-DE-AVILA-ESPANA.jpeg 1600w\" sizes=\"(max-width: 549px) 100vw, 549px\" \/>\u00a0 \u00a0 \u00a0 \u00a0 \u00a0 \u00a0 \u00a0 \u00a0 \u00a0 \u00a0 \u00a0 \u00a0 \u00a0 \u00a0 \u00a0 \u00a0 \u00a0 \u00a0 \u00a0 \u00a0 \u00a0 \u00a0 \u00a0 \u00a0 \u00a0 \u00a0 <span style=\"color: #808080;\">\u00a0 \u00a0 \u00a0 <strong>\u00a0 \u00a0 \u00a0 Casco hist\u00f3rico de\u00a0 \u00c1vila &#8211; Espa\u00f1a<\/strong><\/span><\/h4>\n<p>&nbsp;<\/p>\n<p><strong>\u00abESCUELAS DE PATRIMONIO Y SOSTENIBILIDAD: INNOVACI\u00d3N EN LA CONSERVACI\u00d3N DEL LEGADO CULTURAL\u00bb<\/strong><\/p>\n<p>En el \u00e1mbito de la Arquitectura, los estudiantes adquieren conocimientos sobre t\u00e9cnicas innovadoras para conservar estructuras hist\u00f3ricas, fusionando m\u00e9todos tradicionales con modernos. Esto incluye la implementaci\u00f3n de pr\u00e1cticas sostenibles que respetan tanto el patrimonio cultural como el medio ambiente.<\/p>\n<p>En Dise\u00f1o Industrial, se promueve la creaci\u00f3n de productos que sean sostenibles y que respeten el patrimonio cultural. Adem\u00e1s, se valora el uso de t\u00e9cnicas tradicionales, lo que permite una combinaci\u00f3n armoniosa de innovaci\u00f3n y artesan\u00eda.<\/p>\n<p>En el Dise\u00f1o Gr\u00e1fico, la preservaci\u00f3n digital del patrimonio juega un papel esencial. Los dise\u00f1adores gr\u00e1ficos se encargan de digitalizar y conservar elementos culturales, y de comunicar visualmente su relevancia para sensibilizar a la sociedad.<\/p>\n<ul>\n<li>ESCUELAS DE PATRIMONIO<\/li>\n<li>SUSTENTABILIDAD<\/li>\n<li>INNOVACI\u00d3N EN LA CONSERVACI\u00d3N DEL PATRIMONIO<\/li>\n<\/ul>\n<p>&nbsp;<\/p>\n<p style=\"text-align: center;\"><span style=\"color: #ff6600;\"><strong>Agradecemos tu comentario indicando nombre y apellido.<\/strong><\/span><\/p>\n","protected":false},"excerpt":{"rendered":"<p>\u00a0 \u00a0 \u00a0 \u00a0 \u00a0 \u00a0 \u00a0 \u00a0 \u00a0 \u00a0 \u00a0 \u00a0 \u00a0 \u00a0 \u00a0 \u00a0 \u00a0 \u00a0 \u00a0 \u00a0 \u00a0 \u00a0 \u00a0 \u00a0 \u00a0 \u00a0 \u00a0 \u00a0 \u00a0 \u00a0 \u00a0 \u00a0 Casco hist\u00f3rico de\u00a0 \u00c1vila &#8211; Espa\u00f1a &nbsp; \u00abESCUELAS DE PATRIMONIO Y SOSTENIBILIDAD: INNOVACI\u00d3N EN LA CONSERVACI\u00d3N DEL LEGADO CULTURAL\u00bb En el \u00e1mbito de [&hellip;]<\/p>\n","protected":false},"author":3,"featured_media":0,"parent":42,"menu_order":0,"comment_status":"open","ping_status":"closed","template":"","meta":{"_mc_calendar":[],"footnotes":""},"class_list":["post-78","page","type-page","status-publish","hentry"],"_links":{"self":[{"href":"https:\/\/patrimonioyambiente.faud.unsj.edu.ar\/index.php?rest_route=\/wp\/v2\/pages\/78","targetHints":{"allow":["GET"]}}],"collection":[{"href":"https:\/\/patrimonioyambiente.faud.unsj.edu.ar\/index.php?rest_route=\/wp\/v2\/pages"}],"about":[{"href":"https:\/\/patrimonioyambiente.faud.unsj.edu.ar\/index.php?rest_route=\/wp\/v2\/types\/page"}],"author":[{"embeddable":true,"href":"https:\/\/patrimonioyambiente.faud.unsj.edu.ar\/index.php?rest_route=\/wp\/v2\/users\/3"}],"replies":[{"embeddable":true,"href":"https:\/\/patrimonioyambiente.faud.unsj.edu.ar\/index.php?rest_route=%2Fwp%2Fv2%2Fcomments&post=78"}],"version-history":[{"count":44,"href":"https:\/\/patrimonioyambiente.faud.unsj.edu.ar\/index.php?rest_route=\/wp\/v2\/pages\/78\/revisions"}],"predecessor-version":[{"id":1323,"href":"https:\/\/patrimonioyambiente.faud.unsj.edu.ar\/index.php?rest_route=\/wp\/v2\/pages\/78\/revisions\/1323"}],"up":[{"embeddable":true,"href":"https:\/\/patrimonioyambiente.faud.unsj.edu.ar\/index.php?rest_route=\/wp\/v2\/pages\/42"}],"wp:attachment":[{"href":"https:\/\/patrimonioyambiente.faud.unsj.edu.ar\/index.php?rest_route=%2Fwp%2Fv2%2Fmedia&parent=78"}],"curies":[{"name":"wp","href":"https:\/\/api.w.org\/{rel}","templated":true}]}}