{"id":80,"date":"2018-09-07T20:26:00","date_gmt":"2018-09-07T23:26:00","guid":{"rendered":"https:\/\/patrimonioyambiente.faud.unsj.edu.ar\/?page_id=80"},"modified":"2025-01-27T02:04:12","modified_gmt":"2025-01-27T05:04:12","slug":"unidad-2","status":"publish","type":"page","link":"https:\/\/patrimonioyambiente.faud.unsj.edu.ar\/?page_id=80","title":{"rendered":"Unidad de aprendizaje N\u00ba1"},"content":{"rendered":"<h4 style=\"text-align: center;\"><strong><span style=\"color: #ff0000;\">\u00a0<img fetchpriority=\"high\" decoding=\"async\" class=\"alignnone wp-image-1208\" src=\"https:\/\/patrimonioyambiente.faud.unsj.edu.ar\/wp-content\/uploads\/2025\/01\/RESERVA-ECOLOGICA-COSTANERA-SUR-BUENOS-AIRES-300x200.jpg\" alt=\"\" width=\"347\" height=\"231\" srcset=\"https:\/\/patrimonioyambiente.faud.unsj.edu.ar\/wp-content\/uploads\/2025\/01\/RESERVA-ECOLOGICA-COSTANERA-SUR-BUENOS-AIRES-300x200.jpg 300w, https:\/\/patrimonioyambiente.faud.unsj.edu.ar\/wp-content\/uploads\/2025\/01\/RESERVA-ECOLOGICA-COSTANERA-SUR-BUENOS-AIRES-1024x682.jpg 1024w, https:\/\/patrimonioyambiente.faud.unsj.edu.ar\/wp-content\/uploads\/2025\/01\/RESERVA-ECOLOGICA-COSTANERA-SUR-BUENOS-AIRES-768x512.jpg 768w, https:\/\/patrimonioyambiente.faud.unsj.edu.ar\/wp-content\/uploads\/2025\/01\/RESERVA-ECOLOGICA-COSTANERA-SUR-BUENOS-AIRES-1536x1023.jpg 1536w, https:\/\/patrimonioyambiente.faud.unsj.edu.ar\/wp-content\/uploads\/2025\/01\/RESERVA-ECOLOGICA-COSTANERA-SUR-BUENOS-AIRES-2048x1364.jpg 2048w, https:\/\/patrimonioyambiente.faud.unsj.edu.ar\/wp-content\/uploads\/2025\/01\/RESERVA-ECOLOGICA-COSTANERA-SUR-BUENOS-AIRES-1x1.jpg 1w\" sizes=\"(max-width: 347px) 100vw, 347px\" \/>\u00a0 \u00a0 \u00a0 <img decoding=\"async\" class=\"alignnone wp-image-1207\" src=\"https:\/\/patrimonioyambiente.faud.unsj.edu.ar\/wp-content\/uploads\/2025\/01\/RESERVA-ECOLOGICA-COSTANERA-SUR-BUENOS-AIRES-II-300x201.jpg\" alt=\"\" width=\"347\" height=\"233\" srcset=\"https:\/\/patrimonioyambiente.faud.unsj.edu.ar\/wp-content\/uploads\/2025\/01\/RESERVA-ECOLOGICA-COSTANERA-SUR-BUENOS-AIRES-II-300x201.jpg 300w, https:\/\/patrimonioyambiente.faud.unsj.edu.ar\/wp-content\/uploads\/2025\/01\/RESERVA-ECOLOGICA-COSTANERA-SUR-BUENOS-AIRES-II-1024x687.jpg 1024w, https:\/\/patrimonioyambiente.faud.unsj.edu.ar\/wp-content\/uploads\/2025\/01\/RESERVA-ECOLOGICA-COSTANERA-SUR-BUENOS-AIRES-II-768x516.jpg 768w, https:\/\/patrimonioyambiente.faud.unsj.edu.ar\/wp-content\/uploads\/2025\/01\/RESERVA-ECOLOGICA-COSTANERA-SUR-BUENOS-AIRES-II-1536x1031.jpg 1536w, https:\/\/patrimonioyambiente.faud.unsj.edu.ar\/wp-content\/uploads\/2025\/01\/RESERVA-ECOLOGICA-COSTANERA-SUR-BUENOS-AIRES-II-1x1.jpg 1w, https:\/\/patrimonioyambiente.faud.unsj.edu.ar\/wp-content\/uploads\/2025\/01\/RESERVA-ECOLOGICA-COSTANERA-SUR-BUENOS-AIRES-II.jpg 1920w\" sizes=\"(max-width: 347px) 100vw, 347px\" \/><\/span><\/strong>\u00a0 \u00a0 \u00a0 \u00a0 \u00a0 \u00a0 \u00a0 <span style=\"color: #808080;\"><strong>Reserva Ecol\u00f3gica Costanera Sur, Buenos Aires &#8211; Argentina. <\/strong><\/span><\/h4>\n<p><span style=\"color: #333333;\"><strong>\u00abPATRIMONIO Y AMBIENTE: MARCO LEGAL Y CONSTITUCIONAL EN LA PROTECCI\u00d3N Y CONSERVACI\u00d3N\u00bb<\/strong><\/span><\/p>\n<p>Permite a los estudiantes entender las normativas que afectan sus proyectos, garantizando que sean sostenibles y \u00e9ticos. Adem\u00e1s, fomenta la responsabilidad profesional y la innovaci\u00f3n, integrando soluciones creativas que respeten tanto el patrimonio cultural como el entorno natural.<\/p>\n<p>El conocimiento del marco legal y constitucional tambi\u00e9n educa a los estudiantes sobre sus derechos y deberes, permiti\u00e9ndoles ser defensores activos de pol\u00edticas de conservaci\u00f3n. Esto promueve una apreciaci\u00f3n profunda del patrimonio y el ambiente, preparando a los estudiantes para abordar problemas complejos de manera integral y sostenible.<\/p>\n<ul>\n<li>PATRIMONIO \u2013 AMBIENTE &#8211; LEGISLACI\u00d3N<\/li>\n<li>LEGISLACI\u00d3N NACIONAL Y PROVINCIAL<\/li>\n<li>CONSTITUCION NACIONAL Y CONSTITUCION PROVINCIAL<\/li>\n<\/ul>\n<p style=\"text-align: center;\"><span style=\"color: #ff6600;\"><strong>Agradecemos tu comentario indicando nombre y apellido.<\/strong><\/span><\/p>\n","protected":false},"excerpt":{"rendered":"<p>\u00a0\u00a0 \u00a0 \u00a0 \u00a0 \u00a0 \u00a0 \u00a0 \u00a0 \u00a0 \u00a0 Reserva Ecol\u00f3gica Costanera Sur, Buenos Aires &#8211; Argentina. \u00abPATRIMONIO Y AMBIENTE: MARCO LEGAL Y CONSTITUCIONAL EN LA PROTECCI\u00d3N Y CONSERVACI\u00d3N\u00bb Permite a los estudiantes entender las normativas que afectan sus proyectos, garantizando que sean sostenibles y \u00e9ticos. Adem\u00e1s, fomenta la responsabilidad profesional y la innovaci\u00f3n, [&hellip;]<\/p>\n","protected":false},"author":3,"featured_media":0,"parent":42,"menu_order":0,"comment_status":"open","ping_status":"closed","template":"","meta":{"_mc_calendar":[],"footnotes":""},"class_list":["post-80","page","type-page","status-publish","hentry"],"_links":{"self":[{"href":"https:\/\/patrimonioyambiente.faud.unsj.edu.ar\/index.php?rest_route=\/wp\/v2\/pages\/80","targetHints":{"allow":["GET"]}}],"collection":[{"href":"https:\/\/patrimonioyambiente.faud.unsj.edu.ar\/index.php?rest_route=\/wp\/v2\/pages"}],"about":[{"href":"https:\/\/patrimonioyambiente.faud.unsj.edu.ar\/index.php?rest_route=\/wp\/v2\/types\/page"}],"author":[{"embeddable":true,"href":"https:\/\/patrimonioyambiente.faud.unsj.edu.ar\/index.php?rest_route=\/wp\/v2\/users\/3"}],"replies":[{"embeddable":true,"href":"https:\/\/patrimonioyambiente.faud.unsj.edu.ar\/index.php?rest_route=%2Fwp%2Fv2%2Fcomments&post=80"}],"version-history":[{"count":48,"href":"https:\/\/patrimonioyambiente.faud.unsj.edu.ar\/index.php?rest_route=\/wp\/v2\/pages\/80\/revisions"}],"predecessor-version":[{"id":1245,"href":"https:\/\/patrimonioyambiente.faud.unsj.edu.ar\/index.php?rest_route=\/wp\/v2\/pages\/80\/revisions\/1245"}],"up":[{"embeddable":true,"href":"https:\/\/patrimonioyambiente.faud.unsj.edu.ar\/index.php?rest_route=\/wp\/v2\/pages\/42"}],"wp:attachment":[{"href":"https:\/\/patrimonioyambiente.faud.unsj.edu.ar\/index.php?rest_route=%2Fwp%2Fv2%2Fmedia&parent=80"}],"curies":[{"name":"wp","href":"https:\/\/api.w.org\/{rel}","templated":true}]}}