{"id":82,"date":"2018-09-07T20:26:08","date_gmt":"2018-09-07T23:26:08","guid":{"rendered":"https:\/\/patrimonioyambiente.faud.unsj.edu.ar\/?page_id=82"},"modified":"2025-02-21T20:33:03","modified_gmt":"2025-02-21T23:33:03","slug":"unidad-7","status":"publish","type":"page","link":"https:\/\/patrimonioyambiente.faud.unsj.edu.ar\/?page_id=82","title":{"rendered":"Modalidad de Cursado"},"content":{"rendered":"<h3><img fetchpriority=\"high\" decoding=\"async\" class=\"aligncenter wp-image-1268 \" src=\"https:\/\/patrimonioyambiente.faud.unsj.edu.ar\/wp-content\/uploads\/2025\/01\/3-CARRERAS-VINETA-GRISES-1-1024x156.png\" alt=\"\" width=\"619\" height=\"94\" srcset=\"https:\/\/patrimonioyambiente.faud.unsj.edu.ar\/wp-content\/uploads\/2025\/01\/3-CARRERAS-VINETA-GRISES-1-1024x156.png 1024w, https:\/\/patrimonioyambiente.faud.unsj.edu.ar\/wp-content\/uploads\/2025\/01\/3-CARRERAS-VINETA-GRISES-1-300x46.png 300w, https:\/\/patrimonioyambiente.faud.unsj.edu.ar\/wp-content\/uploads\/2025\/01\/3-CARRERAS-VINETA-GRISES-1-768x117.png 768w, https:\/\/patrimonioyambiente.faud.unsj.edu.ar\/wp-content\/uploads\/2025\/01\/3-CARRERAS-VINETA-GRISES-1-1536x234.png 1536w, https:\/\/patrimonioyambiente.faud.unsj.edu.ar\/wp-content\/uploads\/2025\/01\/3-CARRERAS-VINETA-GRISES-1-2048x312.png 2048w, https:\/\/patrimonioyambiente.faud.unsj.edu.ar\/wp-content\/uploads\/2025\/01\/3-CARRERAS-VINETA-GRISES-1-1x1.png 1w\" sizes=\"(max-width: 619px) 100vw, 619px\" \/><\/h3>\n<h3><span style=\"color: #ff6600;\"><strong>\u00a0 \u00a0 \u00a0 \u00a0 \u00a0 \u00a0 \u00a0 \u00a0 \u00a0 \u00a0 \u00a0 \u00a0 \u00a0 \u00a0 \u00a0 \u00a0 \u00a0 \u00a0 \u00a0 \u00a0 \u00a0 \u00a0 \u00a0 \u00a0 \u00a0 \u00a0 \u00a0 \u00a0 \u00a0 \u00a0 \u00a0 \u00a0 \u00a0 \u00a0 \u00a0 \u00a0 \u00a0 \u00a0 \u00a0 \u00a0 \u00a0 \u00a0 \u00a0 \u00a0 \u00a0 \u00a0 \u00a0 \u00a0 \u00a0 \u00a0 \u00a0 \u00a0 \u00a0 \u00a0 \u00a0 \u00a0 \u00a0 \u00a0 \u00a0 \u00a0 \u00a0 \u00a0 \u00a0 \u00a0 \u00a0 \u00a0 \u00a0 \u00a0 \u00a0 \u00a0 \u00a0 <\/strong><\/span><\/h3>\n<h3><span style=\"color: #ff6600;\"><strong>\u00a0CONDICIONES PARA CURSAR<\/strong><\/span><\/h3>\n<ul>\n<li><span style=\"color: #333333;\"><strong>Plan de estudio 2018 Dise\u00f1o gr\u00e1fico &amp; Dise\u00f1o Industrial<\/strong><\/span><br \/>\n<span style=\"color: #333333;\">Cursado y aprobado: alguna asignatura de 4 nivel (3er a\u00f1o)<\/span><\/li>\n<li><span style=\"color: #333333;\"><strong>Plan de estudio Arquitectura 2018<\/strong><\/span><br \/>\n<span style=\"color: #333333;\">Cursado y aprobado: alguna asignatura de 4 nivel (3er a\u00f1o)<\/span><\/li>\n<li>\n<h4><span style=\"color: #ff6600;\"><strong>INSTANCIA CONDICIONAL NO PERMITIDA PARA NINGUNA CARRERA.<\/strong><\/span><\/h4>\n<\/li>\n<\/ul>\n<p>&nbsp;<\/p>\n<h3><span style=\"color: #ff6600;\"><strong>\u00a0CONDICIONES PARA APROBAR\u00a0<\/strong><\/span><\/h3>\n<p>PROMOCION sin examen final.<\/p>\n<ul>\n<li>Asistencia\u00a0 80%<\/li>\n<li>Esquicios Aprobados 100%<\/li>\n<li>Visitas a obra Aprobados 66%<\/li>\n<li>Trabajo Pr\u00e1ctico Aprobado<\/li>\n<\/ul>\n<p>&nbsp;<\/p>\n<h3><span style=\"color: #ff6600;\"><strong>\u00a0MODALIDAD DE LAS CLASES<\/strong><\/span><\/h3>\n<p><img decoding=\"async\" class=\"wp-image-1339 aligncenter\" src=\"https:\/\/patrimonioyambiente.faud.unsj.edu.ar\/wp-content\/uploads\/2025\/02\/IMAGEN-PARA-MODALIDAD-DE-CLASES-II-300x57.png\" alt=\"\" width=\"626\" height=\"119\" srcset=\"https:\/\/patrimonioyambiente.faud.unsj.edu.ar\/wp-content\/uploads\/2025\/02\/IMAGEN-PARA-MODALIDAD-DE-CLASES-II-300x57.png 300w, https:\/\/patrimonioyambiente.faud.unsj.edu.ar\/wp-content\/uploads\/2025\/02\/IMAGEN-PARA-MODALIDAD-DE-CLASES-II-1024x195.png 1024w, https:\/\/patrimonioyambiente.faud.unsj.edu.ar\/wp-content\/uploads\/2025\/02\/IMAGEN-PARA-MODALIDAD-DE-CLASES-II-768x147.png 768w, https:\/\/patrimonioyambiente.faud.unsj.edu.ar\/wp-content\/uploads\/2025\/02\/IMAGEN-PARA-MODALIDAD-DE-CLASES-II-1536x293.png 1536w, https:\/\/patrimonioyambiente.faud.unsj.edu.ar\/wp-content\/uploads\/2025\/02\/IMAGEN-PARA-MODALIDAD-DE-CLASES-II-2048x391.png 2048w, https:\/\/patrimonioyambiente.faud.unsj.edu.ar\/wp-content\/uploads\/2025\/02\/IMAGEN-PARA-MODALIDAD-DE-CLASES-II-1x1.png 1w\" sizes=\"(max-width: 626px) 100vw, 626px\" \/><\/p>\n<h3><\/h3>\n<h3><span style=\"color: #ff6600;\"><strong>\u00a0CALENDARIO ACAD\u00c9MICO\u00a0<\/strong><\/span><\/h3>\n<p><img decoding=\"async\" class=\"wp-image-1310 aligncenter\" src=\"https:\/\/patrimonioyambiente.faud.unsj.edu.ar\/wp-content\/uploads\/2025\/02\/CALENDARIO-ACADEMICO-2025-1-300x206.png\" alt=\"\" width=\"514\" height=\"353\" srcset=\"https:\/\/patrimonioyambiente.faud.unsj.edu.ar\/wp-content\/uploads\/2025\/02\/CALENDARIO-ACADEMICO-2025-1-300x206.png 300w, https:\/\/patrimonioyambiente.faud.unsj.edu.ar\/wp-content\/uploads\/2025\/02\/CALENDARIO-ACADEMICO-2025-1-1024x703.png 1024w, https:\/\/patrimonioyambiente.faud.unsj.edu.ar\/wp-content\/uploads\/2025\/02\/CALENDARIO-ACADEMICO-2025-1-768x527.png 768w, https:\/\/patrimonioyambiente.faud.unsj.edu.ar\/wp-content\/uploads\/2025\/02\/CALENDARIO-ACADEMICO-2025-1-1536x1055.png 1536w, https:\/\/patrimonioyambiente.faud.unsj.edu.ar\/wp-content\/uploads\/2025\/02\/CALENDARIO-ACADEMICO-2025-1-2048x1406.png 2048w, https:\/\/patrimonioyambiente.faud.unsj.edu.ar\/wp-content\/uploads\/2025\/02\/CALENDARIO-ACADEMICO-2025-1-1x1.png 1w\" sizes=\"(max-width: 514px) 100vw, 514px\" \/><\/p>\n<p>&nbsp;<\/p>\n<p><a href=\"https:\/\/drive.google.com\/file\/d\/1RDATnvBGkMKkUu2ykaYtpfU-QLbZ_bPk\/view?usp=drive_link\"><img loading=\"lazy\" decoding=\"async\" class=\"alignnone wp-image-1312 aligncenter\" src=\"https:\/\/patrimonioyambiente.faud.unsj.edu.ar\/wp-content\/uploads\/2025\/02\/DESCARGAR-CALENDARIO-300x67.png\" alt=\"\" width=\"273\" height=\"61\" srcset=\"https:\/\/patrimonioyambiente.faud.unsj.edu.ar\/wp-content\/uploads\/2025\/02\/DESCARGAR-CALENDARIO-300x67.png 300w, https:\/\/patrimonioyambiente.faud.unsj.edu.ar\/wp-content\/uploads\/2025\/02\/DESCARGAR-CALENDARIO-1024x230.png 1024w, https:\/\/patrimonioyambiente.faud.unsj.edu.ar\/wp-content\/uploads\/2025\/02\/DESCARGAR-CALENDARIO-768x173.png 768w, https:\/\/patrimonioyambiente.faud.unsj.edu.ar\/wp-content\/uploads\/2025\/02\/DESCARGAR-CALENDARIO-1x1.png 1w, https:\/\/patrimonioyambiente.faud.unsj.edu.ar\/wp-content\/uploads\/2025\/02\/DESCARGAR-CALENDARIO.png 1254w\" sizes=\"(max-width: 273px) 100vw, 273px\" \/><\/a><\/p>\n","protected":false},"excerpt":{"rendered":"<p>\u00a0 \u00a0 \u00a0 \u00a0 \u00a0 \u00a0 \u00a0 \u00a0 \u00a0 \u00a0 \u00a0 \u00a0 \u00a0 \u00a0 \u00a0 \u00a0 \u00a0 \u00a0 \u00a0 \u00a0 \u00a0 \u00a0 \u00a0 \u00a0 \u00a0 \u00a0 \u00a0 \u00a0 \u00a0 \u00a0 \u00a0 \u00a0 \u00a0 \u00a0 \u00a0 \u00a0 \u00a0 \u00a0 \u00a0 \u00a0 \u00a0 \u00a0 \u00a0 \u00a0 \u00a0 \u00a0 \u00a0 \u00a0 \u00a0 \u00a0 \u00a0 \u00a0 \u00a0 \u00a0 \u00a0 [&hellip;]<\/p>\n","protected":false},"author":3,"featured_media":0,"parent":0,"menu_order":0,"comment_status":"closed","ping_status":"closed","template":"","meta":{"_mc_calendar":[],"footnotes":""},"class_list":["post-82","page","type-page","status-publish","hentry"],"_links":{"self":[{"href":"https:\/\/patrimonioyambiente.faud.unsj.edu.ar\/index.php?rest_route=\/wp\/v2\/pages\/82","targetHints":{"allow":["GET"]}}],"collection":[{"href":"https:\/\/patrimonioyambiente.faud.unsj.edu.ar\/index.php?rest_route=\/wp\/v2\/pages"}],"about":[{"href":"https:\/\/patrimonioyambiente.faud.unsj.edu.ar\/index.php?rest_route=\/wp\/v2\/types\/page"}],"author":[{"embeddable":true,"href":"https:\/\/patrimonioyambiente.faud.unsj.edu.ar\/index.php?rest_route=\/wp\/v2\/users\/3"}],"replies":[{"embeddable":true,"href":"https:\/\/patrimonioyambiente.faud.unsj.edu.ar\/index.php?rest_route=%2Fwp%2Fv2%2Fcomments&post=82"}],"version-history":[{"count":46,"href":"https:\/\/patrimonioyambiente.faud.unsj.edu.ar\/index.php?rest_route=\/wp\/v2\/pages\/82\/revisions"}],"predecessor-version":[{"id":1120,"href":"https:\/\/patrimonioyambiente.faud.unsj.edu.ar\/index.php?rest_route=\/wp\/v2\/pages\/82\/revisions\/1120"}],"wp:attachment":[{"href":"https:\/\/patrimonioyambiente.faud.unsj.edu.ar\/index.php?rest_route=%2Fwp%2Fv2%2Fmedia&parent=82"}],"curies":[{"name":"wp","href":"https:\/\/api.w.org\/{rel}","templated":true}]}}